{"id":141,"date":"2017-03-24T20:17:39","date_gmt":"2017-03-24T20:17:39","guid":{"rendered":"http:\/\/krehky.cz\/about-us\/"},"modified":"2021-11-19T15:26:18","modified_gmt":"2021-11-19T13:26:18","slug":"about","status":"publish","type":"page","link":"https:\/\/www.krehky.cz\/en\/about\/","title":{"rendered":"ABOUT"},"content":{"rendered":"<div id=\"pl-141\"  class=\"panel-layout\" ><div id=\"pg-141-0\"  class=\"panel-grid panel-no-style\" ><div id=\"pgc-141-0-0\"  class=\"panel-grid-cell\" ><div id=\"panel-141-0-0-0\" class=\"so-panel widget widget_sow-image panel-first-child\" data-index=\"0\" ><div\n\t\t\t\n\t\t\tclass=\"so-widget-sow-image so-widget-sow-image-default-dbf295114b96-141\"\n\t\t\t\n\t\t>\n<div class=\"sow-image-container\">\n\t\t<img \n\tsrc=\"https:\/\/www.krehky.cz\/wp-content\/uploads\/2017\/03\/1b54ae671d6183f3c0bbd3885cdded69_33krehkyruzovadesignblok2010fkristinahrabetova.jpg\" width=\"400\" height=\"600\" srcset=\"https:\/\/www.krehky.cz\/wp-content\/uploads\/2017\/03\/1b54ae671d6183f3c0bbd3885cdded69_33krehkyruzovadesignblok2010fkristinahrabetova.jpg 400w, https:\/\/www.krehky.cz\/wp-content\/uploads\/2017\/03\/1b54ae671d6183f3c0bbd3885cdded69_33krehkyruzovadesignblok2010fkristinahrabetova-324x486.jpg 324w, https:\/\/www.krehky.cz\/wp-content\/uploads\/2017\/03\/1b54ae671d6183f3c0bbd3885cdded69_33krehkyruzovadesignblok2010fkristinahrabetova-200x300.jpg 200w\" sizes=\"(max-width: 400px) 100vw, 400px\" alt=\"\" \t\tclass=\"so-widget-image\"\/>\n\t<\/div>\n\n<\/div><\/div><div id=\"panel-141-0-0-1\" class=\"so-panel widget widget_sow-editor\" data-index=\"1\" ><div\n\t\t\t\n\t\t\tclass=\"so-widget-sow-editor so-widget-sow-editor-base\"\n\t\t\t\n\t\t>\n<div class=\"siteorigin-widget-tinymce textwidget\">\n\t<p>The Czech brand K\u0159ehk\u00fd was founded in 2010 by Jana Zielinski and Ji\u0159\u00ed Macek with the aim of continuing a long tradition of the Czech art industry production and bringing home items that can turn ordinary moments into extraordinary experiences. K\u0159ehk\u00fd cooperates with leading designers from all over the world with a single assignment: To create an object for us that you would be happy with and want to give it to someone as a gift. All K\u0159ehk\u00fd items are made in traditional manufactures within the Czech Republic, using porcelain, glass and wood. Mastering a long tradition of crafts.<\/p>\n<p>Jana Zielinski and Ji\u0159\u00ed Macek: \u201cWhen we remember moments from our lives that have brought us joy, then most of these moments and experiences happened in times within our family. We experience them being surrounded by our loved ones but also being surrounded by various subjects. And this relationship with the home, the world of objects and the interaction with people (inhabitants of the home) became the subject of our research. The home, an interest in the outside world, our dreams, searching for an inner simplicity and above all everyday joy are values that we try to reveal through the objects that arise for K\u0159ehk\u00fd. We believe our collection can turn an everyday moment into a festive experience.\u201d<\/p>\n<\/div>\n<\/div><\/div><div id=\"panel-141-0-0-2\" class=\"so-panel widget widget_sow-editor\" data-index=\"2\" ><div\n\t\t\t\n\t\t\tclass=\"so-widget-sow-editor so-widget-sow-editor-base\"\n\t\t\t\n\t\t><h3 class=\"widget-title\">ABOUT THE GALLERY<\/h3>\n<div class=\"siteorigin-widget-tinymce textwidget\">\n\t<div class=\"siteorigin-widget-tinymce textwidget\">\n<div class=\"siteorigin-widget-tinymce textwidget\">\n<div class=\"siteorigin-widget-tinymce textwidget\">Through exhibitions and its own collections of various objects the K\u0159ehk\u00fd Gallery presents a very personal view of contemporary art and design, home and the world of objects. In the curatorial selection of Jana Zielinski and Ji\u0159\u00ed Macek you will find in the gallery mainly limited editions, authors' originals, experimental projects, prototypes and in an exclusive representation also mass produced items that bring originality, character and unexchangeability to the surroundings of our lives.<\/div>\n<div>&nbsp;<\/div>\n<div class=\"siteorigin-widget-tinymce textwidget\">Through its own limited series K\u0159ehk\u00fd as a producer gives Czech and foreign designers the possibility to freely create their own authorial projects. Thanks to freedom within the creative process they implement and express accurately the perception of worldly subjects by the designers themselves. This process is also a great experience for particular manufacturers who in most cases have to cope with a high demand on quality and technology that are not commonly used.<\/div>\n<div class=\"siteorigin-widget-tinymce textwidget\">\n<p>The gallery was created on the basis of a successful exhibition project called K\u0159ehk\u00fd in 2007 which represented in a very emotional selection the strongest moments in contemporary Czech glass and porcelain design. The exhibition and first items of the design objects' collection with the K\u0159ehk\u00fd brand were introduced to the public as part of the design days in Prague at the Designblok\u00b407. This presentation to the public was done in the form of an imaginary spherical landscape (designed by Maxim Vel\u010dovsk\u00fd). In 2008 won the K\u0159ehk\u00fd Collection the Editors Award at the prestigious international fair of furniture and accessories ICFF in New York. The exhibition concept K\u0159ehk\u00fd by Designblok Prague was then presented at the Tokyo Designer's Week: 100% Design Tokyo. The K\u0159ehk\u00fd collection then represented Czech design at a number of locations around the world. In 2008 K\u0159ehk\u00fd won the Editors' Award for the best new product at Designblok and in 2010 became the Shop of the year in the Czech Grand Design Awards.In 2014 the vase \u201eMateri\u00e1lov\u00e1 v\u00e1za\u201d (the \u201eMaterial Vase\u201c) designed by Michaela Tomi\u0161kov\u00e1 won 1st place in the exhibition of consumer goods and design at Ambiente in Frankfurt. By character the K\u0159ehk\u00fd gallery follows similar private galleries of contemporary design around the world such as the Mint Gallery in London, Cibone in Tokyo, Spazio Rossana Orlandi in Milan and Kreo in Paris.<\/p>\n<\/div>\n<\/div>\n<\/div>\n<\/div>\n<\/div><\/div><div id=\"panel-141-0-0-3\" class=\"so-panel widget widget_sow-editor\" data-index=\"3\" ><div\n\t\t\t\n\t\t\tclass=\"so-widget-sow-editor so-widget-sow-editor-base\"\n\t\t\t\n\t\t><h3 class=\"widget-title\">PRODUCTION<\/h3>\n<div class=\"siteorigin-widget-tinymce textwidget\">\n\t<div class=\"siteorigin-widget-tinymce textwidget\">\n<div class=\"siteorigin-widget-tinymce textwidget\">\n<div class=\"siteorigin-widget-tinymce textwidget\">For K\u0159ehk\u00fd original and mostly limited collections of objects are created in the so-called K\u0159ehk\u00fd Edition. All exclusive K\u0159ehk\u00fd products are handmade in the Czech Republic in porcelain factories, glass works or small-scale producers. All products are created under the K\u0159ehk\u00fd brand, where K\u0159ehk\u00fd is the name of the gallery and at the same time the manufacturing brand and producer. K\u0159ehk\u00fd editions are sold under this brand. They participate in foreign and domestic exhibitions under the brand and are represented in selected Czech and foreign galleries.<\/div>\n<div>&nbsp;<\/div>\n<\/div>\n<\/div>\n<\/div>\n<\/div><\/div><div id=\"panel-141-0-0-4\" class=\"so-panel widget widget_sow-editor panel-last-child\" data-index=\"4\" ><div\n\t\t\t\n\t\t\tclass=\"so-widget-sow-editor so-widget-sow-editor-base\"\n\t\t\t\n\t\t>\n<div class=\"siteorigin-widget-tinymce textwidget\">\n\t<p>&nbsp;<\/p>\n<p>&nbsp;<\/p>\n<\/div>\n<\/div><\/div><\/div><div id=\"pgc-141-0-1\"  class=\"panel-grid-cell\" ><div id=\"panel-141-0-1-0\" class=\"so-panel widget widget_sow-editor panel-first-child panel-last-child\" data-index=\"5\" ><div\n\t\t\t\n\t\t\tclass=\"so-widget-sow-editor so-widget-sow-editor-base\"\n\t\t\t\n\t\t>\n<div class=\"siteorigin-widget-tinymce textwidget\">\n\t<p>We create objects that we want to present to those we love, objects to which our children and grandchildren will return, objects of the highest value - the value of the gift. Antiques of the future.<\/p>\n<\/div>\n<\/div><\/div><\/div><\/div><div id=\"pg-141-1\"  class=\"panel-grid panel-has-style\" ><div id=\"contact\" class=\"panel-row-style panel-row-style-for-141-1\" ><div id=\"pgc-141-1-0\"  class=\"panel-grid-cell panel-grid-cell-empty\" ><\/div><div id=\"pgc-141-1-1\"  class=\"panel-grid-cell\" ><div id=\"panel-141-1-1-0\" class=\"so-panel widget widget_sow-google-map panel-first-child panel-last-child\" data-index=\"6\" ><div class=\"hidden panel-widget-style panel-widget-style-for-141-1-1-0\" ><div\n\t\t\t\n\t\t\tclass=\"so-widget-sow-google-map so-widget-sow-google-map-default-6b23895f316e-141\"\n\t\t\t\n\t\t>\n<div class=\"sow-google-map-canvas\"\n\tstyle=\"\"\n\tid=\"map-canvas-eb638244c06628eaecb56141753dbcf0\"\n\tdata-options=\"{&quot;address&quot;:&quot;&quot;,&quot;zoom&quot;:16,&quot;mobileZoom&quot;:16,&quot;gestureHandling&quot;:&quot;greedy&quot;,&quot;disableUi&quot;:false,&quot;markerIcon&quot;:false,&quot;markersDraggable&quot;:false,&quot;markerAtCenter&quot;:false,&quot;markerInfoDisplay&quot;:&quot;click&quot;,&quot;markerInfoMultiple&quot;:true,&quot;markerPositions&quot;:[{&quot;place&quot;:&quot;Ha\\u0161talsk\\u00e1 6, 110 00 Praha 1, \\u010cesk\\u00e1 republika &quot;,&quot;info&quot;:&quot;&quot;,&quot;infoSelectedEditor&quot;:&quot;tinymce&quot;,&quot;infoMaxWidth&quot;:&quot;&quot;,&quot;customMarkerIcon&quot;:0,&quot;customMarkerIconSize&quot;:&quot;&quot;}],&quot;mapName&quot;:false,&quot;mapStyles&quot;:false,&quot;directions&quot;:&quot;&quot;,&quot;apiKey&quot;:&quot;AIzaSyD2biRCklIXQHJdjZhLXApvFnDNZv8HZn4&quot;,&quot;breakpoint&quot;:780,&quot;id&quot;:&quot;69d54f&quot;}\"\n\tdata-fallback-image=\"{&quot;img&quot;:&quot;&quot;}\"><\/div>\n<\/div><\/div><\/div><\/div><\/div><\/div><\/div>","protected":false},"excerpt":{"rendered":"<p>The Czech brand K\u0159ehk\u00fd was founded in 2010 by Jana Zielinski and Ji\u0159\u00ed Macek with the aim of continuing a long tradition of the Czech art industry production and bringing home items that can turn ordinary moments into extraordinary experiences. K\u0159ehk\u00fd cooperates with leading designers from all over the world with a single assignment: To [&hellip;]<\/p>\n","protected":false},"author":1,"featured_media":0,"parent":0,"menu_order":0,"comment_status":"closed","ping_status":"closed","template":"","meta":{"_acf_changed":false,"_monsterinsights_skip_tracking":false,"_monsterinsights_sitenote_active":false,"_monsterinsights_sitenote_note":"","_monsterinsights_sitenote_category":0,"jetpack_post_was_ever_published":false,"footnotes":""},"class_list":["post-141","page","type-page","status-publish","hentry"],"acf":[],"yoast_head":"<!-- This site is optimized with the Yoast SEO plugin v27.2 - https:\/\/yoast.com\/product\/yoast-seo-wordpress\/ -->\n<title>K\u0159ehk\u00fd | K\u0159ehk\u00fd gallery ABOUT<\/title>\n<meta name=\"description\" content=\"\u010cesk\u00e1 zna\u010dka a galerie K\u0159ehk\u00fd nab\u00edz\u00ed tvorbu p\u0159edn\u00edch \u010desk\u00fdch design\u00e9r\u016f. Navazuje na dlouhou tradici \u010desk\u00e9 um\u011bleckopr\u016fmyslov\u00e9 v\u00fdroby a p\u0159in\u00e1\u0161\u00ed do na\u0161ich domov\u016f p\u0159edm\u011bty, kter\u00e9 dok\u00e1\u017e\u00ed prom\u011bnit v\u0161edn\u00ed okam\u017eiky v mimo\u0159\u00e1dn\u00e9. V\u0161echny p\u0159edm\u011bty K\u0159ehk\u00fd jsou vyrobeny v tradi\u010dn\u00edch manufaktur\u00e1ch v \u010cesk\u00e9 republice. Porcel\u00e1n, sklo, d\u0159evo. Mistrovstv\u00ed \u017eiven\u00e9 dlouhou tradic\u00ed \u0159emesel.\" \/>\n<meta name=\"robots\" content=\"index, follow, max-snippet:-1, max-image-preview:large, max-video-preview:-1\" \/>\n<link rel=\"canonical\" href=\"https:\/\/www.krehky.cz\/en\/about\/\" \/>\n<meta property=\"og:locale\" content=\"en_US\" \/>\n<meta property=\"og:type\" content=\"article\" \/>\n<meta property=\"og:title\" content=\"K\u0159ehk\u00fd | K\u0159ehk\u00fd gallery ABOUT\" \/>\n<meta property=\"og:description\" content=\"\u010cesk\u00e1 zna\u010dka a galerie K\u0159ehk\u00fd nab\u00edz\u00ed tvorbu p\u0159edn\u00edch \u010desk\u00fdch design\u00e9r\u016f. Navazuje na dlouhou tradici \u010desk\u00e9 um\u011bleckopr\u016fmyslov\u00e9 v\u00fdroby a p\u0159in\u00e1\u0161\u00ed do na\u0161ich domov\u016f p\u0159edm\u011bty, kter\u00e9 dok\u00e1\u017e\u00ed prom\u011bnit v\u0161edn\u00ed okam\u017eiky v mimo\u0159\u00e1dn\u00e9. V\u0161echny p\u0159edm\u011bty K\u0159ehk\u00fd jsou vyrobeny v tradi\u010dn\u00edch manufaktur\u00e1ch v \u010cesk\u00e9 republice. Porcel\u00e1n, sklo, d\u0159evo. Mistrovstv\u00ed \u017eiven\u00e9 dlouhou tradic\u00ed \u0159emesel.\" \/>\n<meta property=\"og:url\" content=\"https:\/\/www.krehky.cz\/en\/about\/\" \/>\n<meta property=\"og:site_name\" content=\"K\u0159ehk\u00fd | K\u0159ehk\u00fd gallery\" \/>\n<meta property=\"article:modified_time\" content=\"2021-11-19T13:26:18+00:00\" \/>\n<meta property=\"og:image\" content=\"https:\/\/www.krehky.cz\/wp-content\/uploads\/2019\/09\/og-image.jpg\" \/>\n\t<meta property=\"og:image:width\" content=\"830\" \/>\n\t<meta property=\"og:image:height\" content=\"435\" \/>\n\t<meta property=\"og:image:type\" content=\"image\/jpeg\" \/>\n<meta name=\"twitter:card\" content=\"summary_large_image\" \/>\n<meta name=\"twitter:label1\" content=\"Est. reading time\" \/>\n\t<meta name=\"twitter:data1\" content=\"4 minutes\" \/>\n<script type=\"application\/ld+json\" class=\"yoast-schema-graph\">{\"@context\":\"https:\/\/schema.org\",\"@graph\":[{\"@type\":\"WebPage\",\"@id\":\"https:\/\/www.krehky.cz\/en\/about\/\",\"url\":\"https:\/\/www.krehky.cz\/en\/about\/\",\"name\":\"K\u0159ehk\u00fd | K\u0159ehk\u00fd gallery ABOUT\",\"isPartOf\":{\"@id\":\"https:\/\/www.krehky.cz\/#website\"},\"datePublished\":\"2017-03-24T20:17:39+00:00\",\"dateModified\":\"2021-11-19T13:26:18+00:00\",\"description\":\"\u010cesk\u00e1 zna\u010dka a galerie K\u0159ehk\u00fd nab\u00edz\u00ed tvorbu p\u0159edn\u00edch \u010desk\u00fdch design\u00e9r\u016f. Navazuje na dlouhou tradici \u010desk\u00e9 um\u011bleckopr\u016fmyslov\u00e9 v\u00fdroby a p\u0159in\u00e1\u0161\u00ed do na\u0161ich domov\u016f p\u0159edm\u011bty, kter\u00e9 dok\u00e1\u017e\u00ed prom\u011bnit v\u0161edn\u00ed okam\u017eiky v mimo\u0159\u00e1dn\u00e9. V\u0161echny p\u0159edm\u011bty K\u0159ehk\u00fd jsou vyrobeny v tradi\u010dn\u00edch manufaktur\u00e1ch v \u010cesk\u00e9 republice. Porcel\u00e1n, sklo, d\u0159evo. Mistrovstv\u00ed \u017eiven\u00e9 dlouhou tradic\u00ed \u0159emesel.\",\"breadcrumb\":{\"@id\":\"https:\/\/www.krehky.cz\/en\/about\/#breadcrumb\"},\"inLanguage\":\"en-US\",\"potentialAction\":[{\"@type\":\"ReadAction\",\"target\":[\"https:\/\/www.krehky.cz\/en\/about\/\"]}]},{\"@type\":\"BreadcrumbList\",\"@id\":\"https:\/\/www.krehky.cz\/en\/about\/#breadcrumb\",\"itemListElement\":[{\"@type\":\"ListItem\",\"position\":1,\"name\":\"Home\",\"item\":\"https:\/\/www.krehky.cz\/en\/\"},{\"@type\":\"ListItem\",\"position\":2,\"name\":\"ABOUT\"}]},{\"@type\":\"WebSite\",\"@id\":\"https:\/\/www.krehky.cz\/#website\",\"url\":\"https:\/\/www.krehky.cz\/\",\"name\":\"K\u0159ehk\u00fd | K\u0159ehk\u00fd gallery\",\"description\":\"\u010cesk\u00e1 zna\u010dka a galerie K\u0159ehk\u00fd nab\u00edz\u00ed tvorbu p\u0159edn\u00edch \u010desk\u00fdch design\u00e9r\u016f. Navazuje na dlouhou tradici \u010desk\u00e9 um\u011bleckopr\u016fmyslov\u00e9 v\u00fdroby a p\u0159in\u00e1\u0161\u00ed do na\u0161ich domov\u016f p\u0159edm\u011bty, kter\u00e9 dok\u00e1\u017e\u00ed prom\u011bnit v\u0161edn\u00ed okam\u017eiky v mimo\u0159\u00e1dn\u00e9. V\u0161echny p\u0159edm\u011bty K\u0159ehk\u00fd jsou vyrobeny v tradi\u010dn\u00edch manufaktur\u00e1ch v \u010cesk\u00e9 republice. Porcel\u00e1n, sklo, d\u0159evo. Mistrovstv\u00ed \u017eiven\u00e9 dlouhou tradic\u00ed \u0159emesel.\",\"publisher\":{\"@id\":\"https:\/\/www.krehky.cz\/#organization\"},\"potentialAction\":[{\"@type\":\"SearchAction\",\"target\":{\"@type\":\"EntryPoint\",\"urlTemplate\":\"https:\/\/www.krehky.cz\/?s={search_term_string}\"},\"query-input\":{\"@type\":\"PropertyValueSpecification\",\"valueRequired\":true,\"valueName\":\"search_term_string\"}}],\"inLanguage\":\"en-US\"},{\"@type\":\"Organization\",\"@id\":\"https:\/\/www.krehky.cz\/#organization\",\"name\":\"K\u0159ehk\u00fd\",\"url\":\"https:\/\/www.krehky.cz\/\",\"logo\":{\"@type\":\"ImageObject\",\"inLanguage\":\"en-US\",\"@id\":\"https:\/\/www.krehky.cz\/#\/schema\/logo\/image\/\",\"url\":\"https:\/\/www.krehky.cz\/wp-content\/uploads\/2019\/09\/og-image.jpg\",\"contentUrl\":\"https:\/\/www.krehky.cz\/wp-content\/uploads\/2019\/09\/og-image.jpg\",\"width\":830,\"height\":435,\"caption\":\"K\u0159ehk\u00fd\"},\"image\":{\"@id\":\"https:\/\/www.krehky.cz\/#\/schema\/logo\/image\/\"}}]}<\/script>\n<!-- \/ Yoast SEO plugin. -->","yoast_head_json":{"title":"K\u0159ehk\u00fd | K\u0159ehk\u00fd gallery ABOUT","description":"\u010cesk\u00e1 zna\u010dka a galerie K\u0159ehk\u00fd nab\u00edz\u00ed tvorbu p\u0159edn\u00edch \u010desk\u00fdch design\u00e9r\u016f. Navazuje na dlouhou tradici \u010desk\u00e9 um\u011bleckopr\u016fmyslov\u00e9 v\u00fdroby a p\u0159in\u00e1\u0161\u00ed do na\u0161ich domov\u016f p\u0159edm\u011bty, kter\u00e9 dok\u00e1\u017e\u00ed prom\u011bnit v\u0161edn\u00ed okam\u017eiky v mimo\u0159\u00e1dn\u00e9. V\u0161echny p\u0159edm\u011bty K\u0159ehk\u00fd jsou vyrobeny v tradi\u010dn\u00edch manufaktur\u00e1ch v \u010cesk\u00e9 republice. Porcel\u00e1n, sklo, d\u0159evo. Mistrovstv\u00ed \u017eiven\u00e9 dlouhou tradic\u00ed \u0159emesel.","robots":{"index":"index","follow":"follow","max-snippet":"max-snippet:-1","max-image-preview":"max-image-preview:large","max-video-preview":"max-video-preview:-1"},"canonical":"https:\/\/www.krehky.cz\/en\/about\/","og_locale":"en_US","og_type":"article","og_title":"K\u0159ehk\u00fd | K\u0159ehk\u00fd gallery ABOUT","og_description":"\u010cesk\u00e1 zna\u010dka a galerie K\u0159ehk\u00fd nab\u00edz\u00ed tvorbu p\u0159edn\u00edch \u010desk\u00fdch design\u00e9r\u016f. Navazuje na dlouhou tradici \u010desk\u00e9 um\u011bleckopr\u016fmyslov\u00e9 v\u00fdroby a p\u0159in\u00e1\u0161\u00ed do na\u0161ich domov\u016f p\u0159edm\u011bty, kter\u00e9 dok\u00e1\u017e\u00ed prom\u011bnit v\u0161edn\u00ed okam\u017eiky v mimo\u0159\u00e1dn\u00e9. V\u0161echny p\u0159edm\u011bty K\u0159ehk\u00fd jsou vyrobeny v tradi\u010dn\u00edch manufaktur\u00e1ch v \u010cesk\u00e9 republice. Porcel\u00e1n, sklo, d\u0159evo. Mistrovstv\u00ed \u017eiven\u00e9 dlouhou tradic\u00ed \u0159emesel.","og_url":"https:\/\/www.krehky.cz\/en\/about\/","og_site_name":"K\u0159ehk\u00fd | K\u0159ehk\u00fd gallery","article_modified_time":"2021-11-19T13:26:18+00:00","og_image":[{"width":830,"height":435,"url":"https:\/\/www.krehky.cz\/wp-content\/uploads\/2019\/09\/og-image.jpg","type":"image\/jpeg"}],"twitter_card":"summary_large_image","twitter_misc":{"Est. reading time":"4 minutes"},"schema":{"@context":"https:\/\/schema.org","@graph":[{"@type":"WebPage","@id":"https:\/\/www.krehky.cz\/en\/about\/","url":"https:\/\/www.krehky.cz\/en\/about\/","name":"K\u0159ehk\u00fd | K\u0159ehk\u00fd gallery ABOUT","isPartOf":{"@id":"https:\/\/www.krehky.cz\/#website"},"datePublished":"2017-03-24T20:17:39+00:00","dateModified":"2021-11-19T13:26:18+00:00","description":"\u010cesk\u00e1 zna\u010dka a galerie K\u0159ehk\u00fd nab\u00edz\u00ed tvorbu p\u0159edn\u00edch \u010desk\u00fdch design\u00e9r\u016f. Navazuje na dlouhou tradici \u010desk\u00e9 um\u011bleckopr\u016fmyslov\u00e9 v\u00fdroby a p\u0159in\u00e1\u0161\u00ed do na\u0161ich domov\u016f p\u0159edm\u011bty, kter\u00e9 dok\u00e1\u017e\u00ed prom\u011bnit v\u0161edn\u00ed okam\u017eiky v mimo\u0159\u00e1dn\u00e9. V\u0161echny p\u0159edm\u011bty K\u0159ehk\u00fd jsou vyrobeny v tradi\u010dn\u00edch manufaktur\u00e1ch v \u010cesk\u00e9 republice. Porcel\u00e1n, sklo, d\u0159evo. Mistrovstv\u00ed \u017eiven\u00e9 dlouhou tradic\u00ed \u0159emesel.","breadcrumb":{"@id":"https:\/\/www.krehky.cz\/en\/about\/#breadcrumb"},"inLanguage":"en-US","potentialAction":[{"@type":"ReadAction","target":["https:\/\/www.krehky.cz\/en\/about\/"]}]},{"@type":"BreadcrumbList","@id":"https:\/\/www.krehky.cz\/en\/about\/#breadcrumb","itemListElement":[{"@type":"ListItem","position":1,"name":"Home","item":"https:\/\/www.krehky.cz\/en\/"},{"@type":"ListItem","position":2,"name":"ABOUT"}]},{"@type":"WebSite","@id":"https:\/\/www.krehky.cz\/#website","url":"https:\/\/www.krehky.cz\/","name":"K\u0159ehk\u00fd | K\u0159ehk\u00fd gallery","description":"\u010cesk\u00e1 zna\u010dka a galerie K\u0159ehk\u00fd nab\u00edz\u00ed tvorbu p\u0159edn\u00edch \u010desk\u00fdch design\u00e9r\u016f. Navazuje na dlouhou tradici \u010desk\u00e9 um\u011bleckopr\u016fmyslov\u00e9 v\u00fdroby a p\u0159in\u00e1\u0161\u00ed do na\u0161ich domov\u016f p\u0159edm\u011bty, kter\u00e9 dok\u00e1\u017e\u00ed prom\u011bnit v\u0161edn\u00ed okam\u017eiky v mimo\u0159\u00e1dn\u00e9. V\u0161echny p\u0159edm\u011bty K\u0159ehk\u00fd jsou vyrobeny v tradi\u010dn\u00edch manufaktur\u00e1ch v \u010cesk\u00e9 republice. Porcel\u00e1n, sklo, d\u0159evo. Mistrovstv\u00ed \u017eiven\u00e9 dlouhou tradic\u00ed \u0159emesel.","publisher":{"@id":"https:\/\/www.krehky.cz\/#organization"},"potentialAction":[{"@type":"SearchAction","target":{"@type":"EntryPoint","urlTemplate":"https:\/\/www.krehky.cz\/?s={search_term_string}"},"query-input":{"@type":"PropertyValueSpecification","valueRequired":true,"valueName":"search_term_string"}}],"inLanguage":"en-US"},{"@type":"Organization","@id":"https:\/\/www.krehky.cz\/#organization","name":"K\u0159ehk\u00fd","url":"https:\/\/www.krehky.cz\/","logo":{"@type":"ImageObject","inLanguage":"en-US","@id":"https:\/\/www.krehky.cz\/#\/schema\/logo\/image\/","url":"https:\/\/www.krehky.cz\/wp-content\/uploads\/2019\/09\/og-image.jpg","contentUrl":"https:\/\/www.krehky.cz\/wp-content\/uploads\/2019\/09\/og-image.jpg","width":830,"height":435,"caption":"K\u0159ehk\u00fd"},"image":{"@id":"https:\/\/www.krehky.cz\/#\/schema\/logo\/image\/"}}]}},"jetpack_sharing_enabled":true,"jetpack_shortlink":"https:\/\/wp.me\/PbniD2-2h","_links":{"self":[{"href":"https:\/\/www.krehky.cz\/en\/wp-json\/wp\/v2\/pages\/141","targetHints":{"allow":["GET"]}}],"collection":[{"href":"https:\/\/www.krehky.cz\/en\/wp-json\/wp\/v2\/pages"}],"about":[{"href":"https:\/\/www.krehky.cz\/en\/wp-json\/wp\/v2\/types\/page"}],"author":[{"embeddable":true,"href":"https:\/\/www.krehky.cz\/en\/wp-json\/wp\/v2\/users\/1"}],"replies":[{"embeddable":true,"href":"https:\/\/www.krehky.cz\/en\/wp-json\/wp\/v2\/comments?post=141"}],"version-history":[{"count":31,"href":"https:\/\/www.krehky.cz\/en\/wp-json\/wp\/v2\/pages\/141\/revisions"}],"predecessor-version":[{"id":4761,"href":"https:\/\/www.krehky.cz\/en\/wp-json\/wp\/v2\/pages\/141\/revisions\/4761"}],"wp:attachment":[{"href":"https:\/\/www.krehky.cz\/en\/wp-json\/wp\/v2\/media?parent=141"}],"curies":[{"name":"wp","href":"https:\/\/api.w.org\/{rel}","templated":true}]}}