{"id":4466,"date":"2017-03-24T20:32:10","date_gmt":"2017-03-24T20:32:10","guid":{"rendered":"https:\/\/www.krehky.cz\/?page_id=4466"},"modified":"2023-10-19T11:40:30","modified_gmt":"2023-10-19T09:40:30","slug":"kontakt","status":"publish","type":"page","link":"https:\/\/www.krehky.cz\/en\/kontakt\/","title":{"rendered":"Contact"},"content":{"rendered":"<div id=\"pl-4466\"  class=\"panel-layout\" ><div id=\"pg-4466-0\"  class=\"panel-grid panel-no-style\" ><div id=\"pgc-4466-0-0\"  class=\"panel-grid-cell\" ><div id=\"panel-4466-0-0-0\" class=\"so-panel widget widget_media_image panel-first-child panel-last-child\" data-index=\"0\" ><img loading=\"lazy\" decoding=\"async\" data-attachment-id=\"6041\" data-permalink=\"https:\/\/www.krehky.cz\/en\/kontakt\/contact_banner_resized\/\" data-orig-file=\"https:\/\/www.krehky.cz\/wp-content\/uploads\/2023\/07\/contact_banner_resized.jpg\" data-orig-size=\"983,737\" data-comments-opened=\"0\" data-image-meta=\"{&quot;aperture&quot;:&quot;1.8&quot;,&quot;credit&quot;:&quot;&quot;,&quot;camera&quot;:&quot;iPhone XS&quot;,&quot;caption&quot;:&quot;&quot;,&quot;created_timestamp&quot;:&quot;1613137220&quot;,&quot;copyright&quot;:&quot;&quot;,&quot;focal_length&quot;:&quot;4.25&quot;,&quot;iso&quot;:&quot;40&quot;,&quot;shutter_speed&quot;:&quot;0.00819672131148&quot;,&quot;title&quot;:&quot;&quot;,&quot;orientation&quot;:&quot;1&quot;}\" data-image-title=\"contact_banner_resized\" data-image-description=\"\" data-image-caption=\"\" data-large-file=\"https:\/\/www.krehky.cz\/wp-content\/uploads\/2023\/07\/contact_banner_resized.jpg\" width=\"983\" height=\"737\" src=\"https:\/\/www.krehky.cz\/wp-content\/uploads\/2023\/07\/contact_banner_resized.jpg\" class=\"image wp-image-6041  attachment-full size-full\" alt=\"\" style=\"max-width: 100%; height: auto;\" srcset=\"https:\/\/www.krehky.cz\/wp-content\/uploads\/2023\/07\/contact_banner_resized.jpg 983w, https:\/\/www.krehky.cz\/wp-content\/uploads\/2023\/07\/contact_banner_resized-300x225.jpg 300w, https:\/\/www.krehky.cz\/wp-content\/uploads\/2023\/07\/contact_banner_resized-768x576.jpg 768w, https:\/\/www.krehky.cz\/wp-content\/uploads\/2023\/07\/contact_banner_resized-324x243.jpg 324w, https:\/\/www.krehky.cz\/wp-content\/uploads\/2023\/07\/contact_banner_resized-416x312.jpg 416w\" sizes=\"auto, (max-width: 983px) 100vw, 983px\" data-attachment-id=\"6041\" data-permalink=\"https:\/\/www.krehky.cz\/en\/kontakt\/contact_banner_resized\/\" data-orig-file=\"https:\/\/www.krehky.cz\/wp-content\/uploads\/2023\/07\/contact_banner_resized.jpg\" data-orig-size=\"983,737\" data-comments-opened=\"0\" data-image-meta=\"{&quot;aperture&quot;:&quot;1.8&quot;,&quot;credit&quot;:&quot;&quot;,&quot;camera&quot;:&quot;iPhone XS&quot;,&quot;caption&quot;:&quot;&quot;,&quot;created_timestamp&quot;:&quot;1613137220&quot;,&quot;copyright&quot;:&quot;&quot;,&quot;focal_length&quot;:&quot;4.25&quot;,&quot;iso&quot;:&quot;40&quot;,&quot;shutter_speed&quot;:&quot;0.00819672131148&quot;,&quot;title&quot;:&quot;&quot;,&quot;orientation&quot;:&quot;1&quot;}\" data-image-title=\"contact_banner_resized\" data-image-description=\"\" data-image-caption=\"\" data-large-file=\"https:\/\/www.krehky.cz\/wp-content\/uploads\/2023\/07\/contact_banner_resized.jpg\" \/><\/div><\/div><\/div><div id=\"pg-4466-1\"  class=\"panel-grid panel-no-style\" ><div id=\"pgc-4466-1-0\"  class=\"panel-grid-cell\" ><div id=\"panel-4466-1-0-0\" class=\"so-panel widget widget_sow-editor panel-first-child panel-last-child\" data-index=\"1\" ><div\n\t\t\t\n\t\t\tclass=\"so-widget-sow-editor so-widget-sow-editor-base\"\n\t\t\t\n\t\t>\n<div class=\"siteorigin-widget-tinymce textwidget\">\n\t<h3>K\u0159ehk\u00fd Showroom<\/h3>\n<p>\u00dajezd 414\/13<br \/>\nPrague 5 - Mal\u00e1 Strana, 150 00<br \/>\nCzech Republic<\/p>\n<p>K\u0159ehk\u00fd Showroom visits by appointment only.<\/p>\n<p><a href=\"mailto:info@krehky.cz\">info@krehky.cz<\/a>\u00a0\u00a0\u00a0\u00a0\u00a0\u00a0\u00a0\u00a0 <svg xmlns=\"http:\/\/www.w3.org\/2000\/svg\" xmlns:xlink=\"http:\/\/www.w3.org\/1999\/xlink\" version=\"1.0\" x=\"0px\" y=\"0px\" width=\"20\" height=\"20\" viewBox=\"0 0 50 50\" style=\"null\" class=\"icon icons8-Facebook-Filled\">    <path d=\"M40,0H10C4.486,0,0,4.486,0,10v30c0,5.514,4.486,10,10,10h30c5.514,0,10-4.486,10-10V10C50,4.486,45.514,0,40,0z M39,17h-3 c-2.145,0-3,0.504-3,2v3h6l-1,6h-5v20h-7V28h-3v-6h3v-3c0-4.677,1.581-8,7-8c2.902,0,6,1,6,1V17z\"><\/path><\/svg> <a href=\"https:\/\/www.facebook.com\/krehkyprague\" target=\"_blank\" rel=\"noopener\">facebook<\/a>\u00a0\u00a0\u00a0\u00a0\u00a0\u00a0\u00a0\u00a0<svg xmlns=\"http:\/\/www.w3.org\/2000\/svg\" width=\"20\" height=\"20\" viewBox=\"0 0 24 24\"><path d=\"M15.233 5.488c-.843-.038-1.097-.046-3.233-.046s-2.389.008-3.232.046c-2.17.099-3.181 1.127-3.279 3.279-.039.844-.048 1.097-.048 3.233s.009 2.389.047 3.233c.099 2.148 1.106 3.18 3.279 3.279.843.038 1.097.047 3.233.047 2.137 0 2.39-.008 3.233-.046 2.17-.099 3.18-1.129 3.279-3.279.038-.844.046-1.097.046-3.233s-.008-2.389-.046-3.232c-.099-2.153-1.111-3.182-3.279-3.281zm-3.233 10.62c-2.269 0-4.108-1.839-4.108-4.108 0-2.269 1.84-4.108 4.108-4.108s4.108 1.839 4.108 4.108c0 2.269-1.839 4.108-4.108 4.108zm4.271-7.418c-.53 0-.96-.43-.96-.96s.43-.96.96-.96.96.43.96.96-.43.96-.96.96zm-1.604 3.31c0 1.473-1.194 2.667-2.667 2.667s-2.667-1.194-2.667-2.667c0-1.473 1.194-2.667 2.667-2.667s2.667 1.194 2.667 2.667zm4.333-12h-14c-2.761 0-5 2.239-5 5v14c0 2.761 2.239 5 5 5h14c2.762 0 5-2.239 5-5v-14c0-2.761-2.238-5-5-5zm.952 15.298c-.132 2.909-1.751 4.521-4.653 4.654-.854.039-1.126.048-3.299.048s-2.444-.009-3.298-.048c-2.908-.133-4.52-1.748-4.654-4.654-.039-.853-.048-1.125-.048-3.298 0-2.172.009-2.445.048-3.298.134-2.908 1.748-4.521 4.654-4.653.854-.04 1.125-.049 3.298-.049s2.445.009 3.299.048c2.908.133 4.523 1.751 4.653 4.653.039.854.048 1.127.048 3.299 0 2.173-.009 2.445-.048 3.298z\"><\/path><\/svg> <a href=\"https:\/\/www.instagram.com\/krehky_prague\/\" target=\"_blank\" rel=\"noopener\">instagram<\/a><\/p>\n<\/div>\n<\/div><\/div><\/div><\/div><div id=\"pg-4466-2\"  class=\"panel-grid panel-no-style\" ><div id=\"pgc-4466-2-0\"  class=\"panel-grid-cell\" ><div id=\"panel-4466-2-0-0\" class=\"so-panel widget widget_sow-editor panel-first-child\" data-index=\"2\" ><div\n\t\t\t\n\t\t\tclass=\"so-widget-sow-editor so-widget-sow-editor-base\"\n\t\t\t\n\t\t>\n<div class=\"siteorigin-widget-tinymce textwidget\">\n\t<p>&nbsp;<\/p>\n<h3>Denisa \u0160ediv\u00e1<\/h3>\n<p>Brand Manager<br \/>\n<a href=\"mailto:denisa.sediva@profilmedia.cz\">denisa.sediva@profilmedia.cz<\/a><br \/>\n<a href=\"tel:+420 603 222 748\">+420 603 222 748<\/a><\/p>\n<\/div>\n<\/div><\/div><div id=\"panel-4466-2-0-1\" class=\"so-panel widget widget_sow-editor panel-last-child\" data-index=\"3\" ><div\n\t\t\t\n\t\t\tclass=\"so-widget-sow-editor so-widget-sow-editor-base\"\n\t\t\t\n\t\t>\n<div class=\"siteorigin-widget-tinymce textwidget\">\n\t<p><\/p>\n<h3>Patrik Flori\u00e1n<\/h3>\n<p>PR Manager<br \/>\n<a href=\"mailto:patrik.florian@profilmedia.cz\">patrik.florian@profilmedia.cz<\/a><br \/>\n+420 725 280 613<\/p>\n<\/div>\n<\/div><\/div><\/div><div id=\"pgc-4466-2-1\"  class=\"panel-grid-cell\" ><div id=\"panel-4466-2-1-0\" class=\"so-panel widget widget_sow-editor panel-first-child panel-last-child\" data-index=\"4\" ><div\n\t\t\t\n\t\t\tclass=\"so-widget-sow-editor so-widget-sow-editor-base\"\n\t\t\t\n\t\t>\n<div class=\"siteorigin-widget-tinymce textwidget\">\n\t<p>&nbsp;<\/p>\n<h3>B\u00e1ra N\u00e1hlovsk\u00e1<\/h3>\n<p>Office Manager &amp; Eshop Orders<br \/>\neshop@krehky.cz<br \/>\n+420 734 756 020<\/p>\n<\/div>\n<\/div><\/div><\/div><\/div><div id=\"pg-4466-3\"  class=\"panel-grid panel-no-style\" ><div id=\"pgc-4466-3-0\"  class=\"panel-grid-cell\" ><div id=\"panel-4466-3-0-0\" class=\"so-panel widget widget_sow-editor panel-first-child panel-last-child\" data-index=\"5\" ><div\n\t\t\t\n\t\t\tclass=\"so-widget-sow-editor so-widget-sow-editor-base\"\n\t\t\t\n\t\t>\n<div class=\"siteorigin-widget-tinymce textwidget\">\n\t<p>&nbsp;<\/p>\n<h2>Stores<\/h2>\n<\/div>\n<\/div><\/div><\/div><\/div><div id=\"pg-4466-4\"  class=\"panel-grid panel-no-style\" ><div id=\"pgc-4466-4-0\"  class=\"panel-grid-cell\" ><div id=\"panel-4466-4-0-0\" class=\"so-panel widget widget_sow-editor panel-first-child panel-last-child\" data-index=\"6\" ><div\n\t\t\t\n\t\t\tclass=\"so-widget-sow-editor so-widget-sow-editor-base\"\n\t\t\t\n\t\t>\n<div class=\"siteorigin-widget-tinymce textwidget\">\n\t<p>Czech republic:<\/p>\n<h3>Artis\u00e9me<\/h3>\n<p>Velkop\u0159erovsk\u00e9 n\u00e1m\u011bst\u00ed 4, Praha 1<\/p>\n<h3>Deelive<\/h3>\n<p>Smetanovo n\u00e1b\u0159e\u017e\u00ed 4, Praha 1<\/p>\n<h3>Dox by Qubus<\/h3>\n<p>Poup\u011btova 1, Praha 7<\/p>\n<h3>Labu\u0165 v l\u00e1zn\u00edch<\/h3>\n<p>L\u00e1ze\u0148sk\u00e9 n\u00e1m\u011bst\u00ed, Luha\u010dovice<\/p>\n<h3>Moravsk\u00e1 Galerie v Brn\u011b<\/h3>\n<p>Husova 14, Brno<\/p>\n<h3>Potten &amp; Pannen - Stan\u011bk<\/h3>\n<p>Hotel Andaz, Senov\u00e1\u017en\u00e9 n\u00e1m\u011bst\u00ed 31, Praha 1<\/p>\n<h3>UPM Museum Shop<\/h3>\n<p>ulice 17. listopadu 2, Praha 1<\/p>\n<\/div>\n<\/div><\/div><\/div><div id=\"pgc-4466-4-1\"  class=\"panel-grid-cell\" ><div id=\"panel-4466-4-1-0\" class=\"so-panel widget widget_sow-editor panel-first-child panel-last-child\" data-index=\"7\" ><div\n\t\t\t\n\t\t\tclass=\"so-widget-sow-editor so-widget-sow-editor-base\"\n\t\t\t\n\t\t>\n<div class=\"siteorigin-widget-tinymce textwidget\">\n\t<p>International:<\/p>\n<h3>code7<\/h3>\n<p>Spittelberggasse 7\/L2, V\u00edde\u0148, Rakousko<br \/>\n<a href=\"https:\/\/www.code7.wien\/\">www.code7.wien<\/a><\/p>\n<h3>Galerie Sofie Lachaert<\/h3>\n<p>Sint-Jozefstraat 30, Tielrode, Belgie<br \/>\n<a href=\"http:\/\/www.lachaert.com\/\" target=\"_blank\" rel=\"noopener\">www.lachaert.com<\/a><\/p>\n<\/div>\n<\/div><\/div><\/div><\/div><\/div>","protected":false},"excerpt":{"rendered":"<p>K\u0159ehk\u00fd Showroom \u00dajezd 414\/13 Prague 5 &#8211; Mal\u00e1 Strana, 150 00 Czech Republic K\u0159ehk\u00fd Showroom visits by appointment only. info@krehky.cz\u00a0\u00a0\u00a0\u00a0\u00a0\u00a0\u00a0\u00a0 facebook\u00a0\u00a0\u00a0\u00a0\u00a0\u00a0\u00a0\u00a0 instagram<\/p>\n","protected":false},"author":1,"featured_media":0,"parent":0,"menu_order":0,"comment_status":"closed","ping_status":"closed","template":"","meta":{"_acf_changed":false,"_monsterinsights_skip_tracking":false,"_monsterinsights_sitenote_active":false,"_monsterinsights_sitenote_note":"","_monsterinsights_sitenote_category":0,"jetpack_post_was_ever_published":false,"footnotes":""},"class_list":["post-4466","page","type-page","status-publish","hentry"],"acf":[],"yoast_head":"<!-- This site is optimized with the Yoast SEO plugin v27.4 - https:\/\/yoast.com\/product\/yoast-seo-wordpress\/ -->\n<title>K\u0159ehk\u00fd | K\u0159ehk\u00fd gallery Contact<\/title>\n<meta name=\"description\" content=\"\u010cesk\u00e1 zna\u010dka a galerie K\u0159ehk\u00fd nab\u00edz\u00ed tvorbu p\u0159edn\u00edch \u010desk\u00fdch design\u00e9r\u016f. Navazuje na dlouhou tradici \u010desk\u00e9 um\u011bleckopr\u016fmyslov\u00e9 v\u00fdroby a p\u0159in\u00e1\u0161\u00ed do na\u0161ich domov\u016f p\u0159edm\u011bty, kter\u00e9 dok\u00e1\u017e\u00ed prom\u011bnit v\u0161edn\u00ed okam\u017eiky v mimo\u0159\u00e1dn\u00e9. V\u0161echny p\u0159edm\u011bty K\u0159ehk\u00fd jsou vyrobeny v tradi\u010dn\u00edch manufaktur\u00e1ch v \u010cesk\u00e9 republice. Porcel\u00e1n, sklo, d\u0159evo. Mistrovstv\u00ed \u017eiven\u00e9 dlouhou tradic\u00ed \u0159emesel.\" \/>\n<meta name=\"robots\" content=\"index, follow, max-snippet:-1, max-image-preview:large, max-video-preview:-1\" \/>\n<link rel=\"canonical\" href=\"https:\/\/www.krehky.cz\/en\/kontakt\/\" \/>\n<meta property=\"og:locale\" content=\"en_US\" \/>\n<meta property=\"og:type\" content=\"article\" \/>\n<meta property=\"og:title\" content=\"K\u0159ehk\u00fd | K\u0159ehk\u00fd gallery Contact\" \/>\n<meta property=\"og:description\" content=\"\u010cesk\u00e1 zna\u010dka a galerie K\u0159ehk\u00fd nab\u00edz\u00ed tvorbu p\u0159edn\u00edch \u010desk\u00fdch design\u00e9r\u016f. Navazuje na dlouhou tradici \u010desk\u00e9 um\u011bleckopr\u016fmyslov\u00e9 v\u00fdroby a p\u0159in\u00e1\u0161\u00ed do na\u0161ich domov\u016f p\u0159edm\u011bty, kter\u00e9 dok\u00e1\u017e\u00ed prom\u011bnit v\u0161edn\u00ed okam\u017eiky v mimo\u0159\u00e1dn\u00e9. V\u0161echny p\u0159edm\u011bty K\u0159ehk\u00fd jsou vyrobeny v tradi\u010dn\u00edch manufaktur\u00e1ch v \u010cesk\u00e9 republice. Porcel\u00e1n, sklo, d\u0159evo. Mistrovstv\u00ed \u017eiven\u00e9 dlouhou tradic\u00ed \u0159emesel.\" \/>\n<meta property=\"og:url\" content=\"https:\/\/www.krehky.cz\/en\/kontakt\/\" \/>\n<meta property=\"og:site_name\" content=\"K\u0159ehk\u00fd | K\u0159ehk\u00fd gallery\" \/>\n<meta property=\"article:modified_time\" content=\"2023-10-19T09:40:30+00:00\" \/>\n<meta property=\"og:image\" content=\"https:\/\/www.krehky.cz\/wp-content\/uploads\/2019\/09\/og-image.jpg\" \/>\n\t<meta property=\"og:image:width\" content=\"830\" \/>\n\t<meta property=\"og:image:height\" content=\"435\" \/>\n\t<meta property=\"og:image:type\" content=\"image\/jpeg\" \/>\n<meta name=\"twitter:card\" content=\"summary_large_image\" \/>\n<meta name=\"twitter:label1\" content=\"Est. reading time\" \/>\n\t<meta name=\"twitter:data1\" content=\"1 minute\" \/>\n<script type=\"application\/ld+json\" class=\"yoast-schema-graph\">{\"@context\":\"https:\\\/\\\/schema.org\",\"@graph\":[{\"@type\":\"WebPage\",\"@id\":\"https:\\\/\\\/www.krehky.cz\\\/en\\\/kontakt\\\/\",\"url\":\"https:\\\/\\\/www.krehky.cz\\\/en\\\/kontakt\\\/\",\"name\":\"K\u0159ehk\u00fd | K\u0159ehk\u00fd gallery Contact\",\"isPartOf\":{\"@id\":\"https:\\\/\\\/www.krehky.cz\\\/#website\"},\"datePublished\":\"2017-03-24T20:32:10+00:00\",\"dateModified\":\"2023-10-19T09:40:30+00:00\",\"description\":\"\u010cesk\u00e1 zna\u010dka a galerie K\u0159ehk\u00fd nab\u00edz\u00ed tvorbu p\u0159edn\u00edch \u010desk\u00fdch design\u00e9r\u016f. Navazuje na dlouhou tradici \u010desk\u00e9 um\u011bleckopr\u016fmyslov\u00e9 v\u00fdroby a p\u0159in\u00e1\u0161\u00ed do na\u0161ich domov\u016f p\u0159edm\u011bty, kter\u00e9 dok\u00e1\u017e\u00ed prom\u011bnit v\u0161edn\u00ed okam\u017eiky v mimo\u0159\u00e1dn\u00e9. V\u0161echny p\u0159edm\u011bty K\u0159ehk\u00fd jsou vyrobeny v tradi\u010dn\u00edch manufaktur\u00e1ch v \u010cesk\u00e9 republice. Porcel\u00e1n, sklo, d\u0159evo. Mistrovstv\u00ed \u017eiven\u00e9 dlouhou tradic\u00ed \u0159emesel.\",\"breadcrumb\":{\"@id\":\"https:\\\/\\\/www.krehky.cz\\\/en\\\/kontakt\\\/#breadcrumb\"},\"inLanguage\":\"en-US\",\"potentialAction\":[{\"@type\":\"ReadAction\",\"target\":[\"https:\\\/\\\/www.krehky.cz\\\/en\\\/kontakt\\\/\"]}]},{\"@type\":\"BreadcrumbList\",\"@id\":\"https:\\\/\\\/www.krehky.cz\\\/en\\\/kontakt\\\/#breadcrumb\",\"itemListElement\":[{\"@type\":\"ListItem\",\"position\":1,\"name\":\"Home\",\"item\":\"https:\\\/\\\/www.krehky.cz\\\/en\\\/\"},{\"@type\":\"ListItem\",\"position\":2,\"name\":\"Contact\"}]},{\"@type\":\"WebSite\",\"@id\":\"https:\\\/\\\/www.krehky.cz\\\/#website\",\"url\":\"https:\\\/\\\/www.krehky.cz\\\/\",\"name\":\"K\u0159ehk\u00fd | K\u0159ehk\u00fd gallery\",\"description\":\"\u010cesk\u00e1 zna\u010dka a galerie K\u0159ehk\u00fd nab\u00edz\u00ed tvorbu p\u0159edn\u00edch \u010desk\u00fdch design\u00e9r\u016f. Navazuje na dlouhou tradici \u010desk\u00e9 um\u011bleckopr\u016fmyslov\u00e9 v\u00fdroby a p\u0159in\u00e1\u0161\u00ed do na\u0161ich domov\u016f p\u0159edm\u011bty, kter\u00e9 dok\u00e1\u017e\u00ed prom\u011bnit v\u0161edn\u00ed okam\u017eiky v mimo\u0159\u00e1dn\u00e9. V\u0161echny p\u0159edm\u011bty K\u0159ehk\u00fd jsou vyrobeny v tradi\u010dn\u00edch manufaktur\u00e1ch v \u010cesk\u00e9 republice. Porcel\u00e1n, sklo, d\u0159evo. Mistrovstv\u00ed \u017eiven\u00e9 dlouhou tradic\u00ed \u0159emesel.\",\"publisher\":{\"@id\":\"https:\\\/\\\/www.krehky.cz\\\/#organization\"},\"potentialAction\":[{\"@type\":\"SearchAction\",\"target\":{\"@type\":\"EntryPoint\",\"urlTemplate\":\"https:\\\/\\\/www.krehky.cz\\\/?s={search_term_string}\"},\"query-input\":{\"@type\":\"PropertyValueSpecification\",\"valueRequired\":true,\"valueName\":\"search_term_string\"}}],\"inLanguage\":\"en-US\"},{\"@type\":\"Organization\",\"@id\":\"https:\\\/\\\/www.krehky.cz\\\/#organization\",\"name\":\"K\u0159ehk\u00fd\",\"url\":\"https:\\\/\\\/www.krehky.cz\\\/\",\"logo\":{\"@type\":\"ImageObject\",\"inLanguage\":\"en-US\",\"@id\":\"https:\\\/\\\/www.krehky.cz\\\/#\\\/schema\\\/logo\\\/image\\\/\",\"url\":\"https:\\\/\\\/www.krehky.cz\\\/wp-content\\\/uploads\\\/2019\\\/09\\\/og-image.jpg\",\"contentUrl\":\"https:\\\/\\\/www.krehky.cz\\\/wp-content\\\/uploads\\\/2019\\\/09\\\/og-image.jpg\",\"width\":830,\"height\":435,\"caption\":\"K\u0159ehk\u00fd\"},\"image\":{\"@id\":\"https:\\\/\\\/www.krehky.cz\\\/#\\\/schema\\\/logo\\\/image\\\/\"}}]}<\/script>\n<!-- \/ Yoast SEO plugin. -->","yoast_head_json":{"title":"K\u0159ehk\u00fd | K\u0159ehk\u00fd gallery Contact","description":"\u010cesk\u00e1 zna\u010dka a galerie K\u0159ehk\u00fd nab\u00edz\u00ed tvorbu p\u0159edn\u00edch \u010desk\u00fdch design\u00e9r\u016f. Navazuje na dlouhou tradici \u010desk\u00e9 um\u011bleckopr\u016fmyslov\u00e9 v\u00fdroby a p\u0159in\u00e1\u0161\u00ed do na\u0161ich domov\u016f p\u0159edm\u011bty, kter\u00e9 dok\u00e1\u017e\u00ed prom\u011bnit v\u0161edn\u00ed okam\u017eiky v mimo\u0159\u00e1dn\u00e9. V\u0161echny p\u0159edm\u011bty K\u0159ehk\u00fd jsou vyrobeny v tradi\u010dn\u00edch manufaktur\u00e1ch v \u010cesk\u00e9 republice. Porcel\u00e1n, sklo, d\u0159evo. Mistrovstv\u00ed \u017eiven\u00e9 dlouhou tradic\u00ed \u0159emesel.","robots":{"index":"index","follow":"follow","max-snippet":"max-snippet:-1","max-image-preview":"max-image-preview:large","max-video-preview":"max-video-preview:-1"},"canonical":"https:\/\/www.krehky.cz\/en\/kontakt\/","og_locale":"en_US","og_type":"article","og_title":"K\u0159ehk\u00fd | K\u0159ehk\u00fd gallery Contact","og_description":"\u010cesk\u00e1 zna\u010dka a galerie K\u0159ehk\u00fd nab\u00edz\u00ed tvorbu p\u0159edn\u00edch \u010desk\u00fdch design\u00e9r\u016f. Navazuje na dlouhou tradici \u010desk\u00e9 um\u011bleckopr\u016fmyslov\u00e9 v\u00fdroby a p\u0159in\u00e1\u0161\u00ed do na\u0161ich domov\u016f p\u0159edm\u011bty, kter\u00e9 dok\u00e1\u017e\u00ed prom\u011bnit v\u0161edn\u00ed okam\u017eiky v mimo\u0159\u00e1dn\u00e9. V\u0161echny p\u0159edm\u011bty K\u0159ehk\u00fd jsou vyrobeny v tradi\u010dn\u00edch manufaktur\u00e1ch v \u010cesk\u00e9 republice. Porcel\u00e1n, sklo, d\u0159evo. Mistrovstv\u00ed \u017eiven\u00e9 dlouhou tradic\u00ed \u0159emesel.","og_url":"https:\/\/www.krehky.cz\/en\/kontakt\/","og_site_name":"K\u0159ehk\u00fd | K\u0159ehk\u00fd gallery","article_modified_time":"2023-10-19T09:40:30+00:00","og_image":[{"width":830,"height":435,"url":"https:\/\/www.krehky.cz\/wp-content\/uploads\/2019\/09\/og-image.jpg","type":"image\/jpeg"}],"twitter_card":"summary_large_image","twitter_misc":{"Est. reading time":"1 minute"},"schema":{"@context":"https:\/\/schema.org","@graph":[{"@type":"WebPage","@id":"https:\/\/www.krehky.cz\/en\/kontakt\/","url":"https:\/\/www.krehky.cz\/en\/kontakt\/","name":"K\u0159ehk\u00fd | K\u0159ehk\u00fd gallery Contact","isPartOf":{"@id":"https:\/\/www.krehky.cz\/#website"},"datePublished":"2017-03-24T20:32:10+00:00","dateModified":"2023-10-19T09:40:30+00:00","description":"\u010cesk\u00e1 zna\u010dka a galerie K\u0159ehk\u00fd nab\u00edz\u00ed tvorbu p\u0159edn\u00edch \u010desk\u00fdch design\u00e9r\u016f. Navazuje na dlouhou tradici \u010desk\u00e9 um\u011bleckopr\u016fmyslov\u00e9 v\u00fdroby a p\u0159in\u00e1\u0161\u00ed do na\u0161ich domov\u016f p\u0159edm\u011bty, kter\u00e9 dok\u00e1\u017e\u00ed prom\u011bnit v\u0161edn\u00ed okam\u017eiky v mimo\u0159\u00e1dn\u00e9. V\u0161echny p\u0159edm\u011bty K\u0159ehk\u00fd jsou vyrobeny v tradi\u010dn\u00edch manufaktur\u00e1ch v \u010cesk\u00e9 republice. Porcel\u00e1n, sklo, d\u0159evo. Mistrovstv\u00ed \u017eiven\u00e9 dlouhou tradic\u00ed \u0159emesel.","breadcrumb":{"@id":"https:\/\/www.krehky.cz\/en\/kontakt\/#breadcrumb"},"inLanguage":"en-US","potentialAction":[{"@type":"ReadAction","target":["https:\/\/www.krehky.cz\/en\/kontakt\/"]}]},{"@type":"BreadcrumbList","@id":"https:\/\/www.krehky.cz\/en\/kontakt\/#breadcrumb","itemListElement":[{"@type":"ListItem","position":1,"name":"Home","item":"https:\/\/www.krehky.cz\/en\/"},{"@type":"ListItem","position":2,"name":"Contact"}]},{"@type":"WebSite","@id":"https:\/\/www.krehky.cz\/#website","url":"https:\/\/www.krehky.cz\/","name":"K\u0159ehk\u00fd | K\u0159ehk\u00fd gallery","description":"\u010cesk\u00e1 zna\u010dka a galerie K\u0159ehk\u00fd nab\u00edz\u00ed tvorbu p\u0159edn\u00edch \u010desk\u00fdch design\u00e9r\u016f. Navazuje na dlouhou tradici \u010desk\u00e9 um\u011bleckopr\u016fmyslov\u00e9 v\u00fdroby a p\u0159in\u00e1\u0161\u00ed do na\u0161ich domov\u016f p\u0159edm\u011bty, kter\u00e9 dok\u00e1\u017e\u00ed prom\u011bnit v\u0161edn\u00ed okam\u017eiky v mimo\u0159\u00e1dn\u00e9. V\u0161echny p\u0159edm\u011bty K\u0159ehk\u00fd jsou vyrobeny v tradi\u010dn\u00edch manufaktur\u00e1ch v \u010cesk\u00e9 republice. Porcel\u00e1n, sklo, d\u0159evo. Mistrovstv\u00ed \u017eiven\u00e9 dlouhou tradic\u00ed \u0159emesel.","publisher":{"@id":"https:\/\/www.krehky.cz\/#organization"},"potentialAction":[{"@type":"SearchAction","target":{"@type":"EntryPoint","urlTemplate":"https:\/\/www.krehky.cz\/?s={search_term_string}"},"query-input":{"@type":"PropertyValueSpecification","valueRequired":true,"valueName":"search_term_string"}}],"inLanguage":"en-US"},{"@type":"Organization","@id":"https:\/\/www.krehky.cz\/#organization","name":"K\u0159ehk\u00fd","url":"https:\/\/www.krehky.cz\/","logo":{"@type":"ImageObject","inLanguage":"en-US","@id":"https:\/\/www.krehky.cz\/#\/schema\/logo\/image\/","url":"https:\/\/www.krehky.cz\/wp-content\/uploads\/2019\/09\/og-image.jpg","contentUrl":"https:\/\/www.krehky.cz\/wp-content\/uploads\/2019\/09\/og-image.jpg","width":830,"height":435,"caption":"K\u0159ehk\u00fd"},"image":{"@id":"https:\/\/www.krehky.cz\/#\/schema\/logo\/image\/"}}]}},"jetpack_sharing_enabled":true,"jetpack_shortlink":"https:\/\/wp.me\/PbniD2-1a2","_links":{"self":[{"href":"https:\/\/www.krehky.cz\/en\/wp-json\/wp\/v2\/pages\/4466","targetHints":{"allow":["GET"]}}],"collection":[{"href":"https:\/\/www.krehky.cz\/en\/wp-json\/wp\/v2\/pages"}],"about":[{"href":"https:\/\/www.krehky.cz\/en\/wp-json\/wp\/v2\/types\/page"}],"author":[{"embeddable":true,"href":"https:\/\/www.krehky.cz\/en\/wp-json\/wp\/v2\/users\/1"}],"replies":[{"embeddable":true,"href":"https:\/\/www.krehky.cz\/en\/wp-json\/wp\/v2\/comments?post=4466"}],"version-history":[{"count":53,"href":"https:\/\/www.krehky.cz\/en\/wp-json\/wp\/v2\/pages\/4466\/revisions"}],"predecessor-version":[{"id":6143,"href":"https:\/\/www.krehky.cz\/en\/wp-json\/wp\/v2\/pages\/4466\/revisions\/6143"}],"wp:attachment":[{"href":"https:\/\/www.krehky.cz\/en\/wp-json\/wp\/v2\/media?parent=4466"}],"curies":[{"name":"wp","href":"https:\/\/api.w.org\/{rel}","templated":true}]}}