{"id":3061,"date":"2019-07-20T18:07:27","date_gmt":"2019-07-20T18:07:27","guid":{"rendered":"http:\/\/krehky.cz\/?post_type=product&#038;p=3061"},"modified":"2024-03-04T15:59:17","modified_gmt":"2024-03-04T13:59:17","slug":"rytir-bily","status":"publish","type":"product","link":"https:\/\/www.krehky.cz\/en\/product\/rytir-bily\/","title":{"rendered":"Knight \u2013 White"},"content":{"rendered":"<p>Porcelain figure of a goldfinch, the knight of the bird kingdom, created as a follow-up of the domestic St Francis altarpiece, on which Michal Ba\u010d\u00e1k cooperated with Kl\u00e1ra \u0160umov\u00e1 for Krehky. The lavishly illustrated altarpiece takes us to the world of personal treasures in the context of a bird court in the solemn silence of a forest. The figure of the knight in the painting subsequently received its embodiment in a porcelain figure, which symbolically brings the forest peace into our homes. An object symbolizing the gift of peace, authenticity and grandeur. The white version.<\/p>\n","protected":false},"excerpt":{"rendered":"<p>Porcelain figure of a goldfinch, the knight of the bird kingdom, created as a follow-up of the domestic St Francis altarpiece, on which Michal Ba\u010d\u00e1k cooperated with Kl\u00e1ra \u0160umov\u00e1 for Krehky. The lavishly illustrated altarpiece takes us to the world of personal treasures in the context of a bird court in the solemn silence of [&hellip;]<\/p>\n","protected":false},"featured_media":3923,"template":"","meta":{"_acf_changed":false,"_monsterinsights_skip_tracking":false,"_monsterinsights_sitenote_active":false,"_monsterinsights_sitenote_note":"","_monsterinsights_sitenote_category":0,"jetpack_publicize_message":"","jetpack_publicize_feature_enabled":true,"jetpack_social_post_already_shared":true,"jetpack_social_options":{"image_generator_settings":{"template":"highway","default_image_id":0,"font":"","enabled":false},"version":2}},"product_brand":[],"product_cat":[139,193],"product_tag":[],"class_list":{"0":"post-3061","1":"product","2":"type-product","3":"status-publish","4":"has-post-thumbnail","6":"product_cat-michal_bacak","7":"product_cat-objects","9":"first","10":"outofstock","11":"taxable","12":"shipping-taxable","13":"purchasable","14":"product-type-simple"},"acf":[],"yoast_head":"<!-- This site is optimized with the Yoast SEO plugin v27.6 - https:\/\/yoast.com\/product\/yoast-seo-wordpress\/ -->\n<title>K\u0159ehk\u00fd | K\u0159ehk\u00fd gallery Knight \u2013 White<\/title>\n<meta name=\"description\" content=\"\u010cesk\u00e1 zna\u010dka a galerie K\u0159ehk\u00fd nab\u00edz\u00ed tvorbu p\u0159edn\u00edch \u010desk\u00fdch design\u00e9r\u016f. Navazuje na dlouhou tradici \u010desk\u00e9 um\u011bleckopr\u016fmyslov\u00e9 v\u00fdroby a p\u0159in\u00e1\u0161\u00ed do na\u0161ich domov\u016f p\u0159edm\u011bty, kter\u00e9 dok\u00e1\u017e\u00ed prom\u011bnit v\u0161edn\u00ed okam\u017eiky v mimo\u0159\u00e1dn\u00e9. V\u0161echny p\u0159edm\u011bty K\u0159ehk\u00fd jsou vyrobeny v tradi\u010dn\u00edch manufaktur\u00e1ch v \u010cesk\u00e9 republice. Porcel\u00e1n, sklo, d\u0159evo. Mistrovstv\u00ed \u017eiven\u00e9 dlouhou tradic\u00ed \u0159emesel.\" \/>\n<meta name=\"robots\" content=\"index, follow, max-snippet:-1, max-image-preview:large, max-video-preview:-1\" \/>\n<link rel=\"canonical\" href=\"https:\/\/www.krehky.cz\/en\/product\/rytir-bily\/\" \/>\n<meta property=\"og:locale\" content=\"en_US\" \/>\n<meta property=\"og:type\" content=\"article\" \/>\n<meta property=\"og:title\" content=\"K\u0159ehk\u00fd | K\u0159ehk\u00fd gallery Knight \u2013 White\" \/>\n<meta property=\"og:description\" content=\"\u010cesk\u00e1 zna\u010dka a galerie K\u0159ehk\u00fd nab\u00edz\u00ed tvorbu p\u0159edn\u00edch \u010desk\u00fdch design\u00e9r\u016f. Navazuje na dlouhou tradici \u010desk\u00e9 um\u011bleckopr\u016fmyslov\u00e9 v\u00fdroby a p\u0159in\u00e1\u0161\u00ed do na\u0161ich domov\u016f p\u0159edm\u011bty, kter\u00e9 dok\u00e1\u017e\u00ed prom\u011bnit v\u0161edn\u00ed okam\u017eiky v mimo\u0159\u00e1dn\u00e9. V\u0161echny p\u0159edm\u011bty K\u0159ehk\u00fd jsou vyrobeny v tradi\u010dn\u00edch manufaktur\u00e1ch v \u010cesk\u00e9 republice. Porcel\u00e1n, sklo, d\u0159evo. Mistrovstv\u00ed \u017eiven\u00e9 dlouhou tradic\u00ed \u0159emesel.\" \/>\n<meta property=\"og:url\" content=\"https:\/\/www.krehky.cz\/en\/product\/rytir-bily\/\" \/>\n<meta property=\"og:site_name\" content=\"K\u0159ehk\u00fd | K\u0159ehk\u00fd gallery\" \/>\n<meta property=\"article:modified_time\" content=\"2024-03-04T13:59:17+00:00\" \/>\n<meta property=\"og:image\" content=\"https:\/\/www.krehky.cz\/wp-content\/uploads\/2019\/07\/KREHKYpro.158950-final.jpg\" \/>\n\t<meta property=\"og:image:width\" content=\"1890\" \/>\n\t<meta property=\"og:image:height\" content=\"2520\" \/>\n\t<meta property=\"og:image:type\" content=\"image\/jpeg\" \/>\n<meta name=\"twitter:card\" content=\"summary_large_image\" \/>\n<meta name=\"twitter:label1\" content=\"Est. reading time\" \/>\n\t<meta name=\"twitter:data1\" content=\"1 minute\" \/>\n<script type=\"application\/ld+json\" class=\"yoast-schema-graph\">{\"@context\":\"https:\\\/\\\/schema.org\",\"@graph\":[{\"@type\":\"WebPage\",\"@id\":\"https:\\\/\\\/www.krehky.cz\\\/en\\\/product\\\/rytir-bily\\\/\",\"url\":\"https:\\\/\\\/www.krehky.cz\\\/en\\\/product\\\/rytir-bily\\\/\",\"name\":\"K\u0159ehk\u00fd | K\u0159ehk\u00fd gallery Knight \u2013 White\",\"isPartOf\":{\"@id\":\"https:\\\/\\\/www.krehky.cz\\\/#website\"},\"primaryImageOfPage\":{\"@id\":\"https:\\\/\\\/www.krehky.cz\\\/en\\\/product\\\/rytir-bily\\\/#primaryimage\"},\"image\":{\"@id\":\"https:\\\/\\\/www.krehky.cz\\\/en\\\/product\\\/rytir-bily\\\/#primaryimage\"},\"thumbnailUrl\":\"https:\\\/\\\/www.krehky.cz\\\/wp-content\\\/uploads\\\/2019\\\/07\\\/KREHKYpro.158950-final.jpg\",\"datePublished\":\"2019-07-20T18:07:27+00:00\",\"dateModified\":\"2024-03-04T13:59:17+00:00\",\"description\":\"\u010cesk\u00e1 zna\u010dka a galerie K\u0159ehk\u00fd nab\u00edz\u00ed tvorbu p\u0159edn\u00edch \u010desk\u00fdch design\u00e9r\u016f. Navazuje na dlouhou tradici \u010desk\u00e9 um\u011bleckopr\u016fmyslov\u00e9 v\u00fdroby a p\u0159in\u00e1\u0161\u00ed do na\u0161ich domov\u016f p\u0159edm\u011bty, kter\u00e9 dok\u00e1\u017e\u00ed prom\u011bnit v\u0161edn\u00ed okam\u017eiky v mimo\u0159\u00e1dn\u00e9. V\u0161echny p\u0159edm\u011bty K\u0159ehk\u00fd jsou vyrobeny v tradi\u010dn\u00edch manufaktur\u00e1ch v \u010cesk\u00e9 republice. Porcel\u00e1n, sklo, d\u0159evo. Mistrovstv\u00ed \u017eiven\u00e9 dlouhou tradic\u00ed \u0159emesel.\",\"breadcrumb\":{\"@id\":\"https:\\\/\\\/www.krehky.cz\\\/en\\\/product\\\/rytir-bily\\\/#breadcrumb\"},\"inLanguage\":\"en-US\",\"potentialAction\":[{\"@type\":\"ReadAction\",\"target\":[\"https:\\\/\\\/www.krehky.cz\\\/en\\\/product\\\/rytir-bily\\\/\"]}]},{\"@type\":\"ImageObject\",\"inLanguage\":\"en-US\",\"@id\":\"https:\\\/\\\/www.krehky.cz\\\/en\\\/product\\\/rytir-bily\\\/#primaryimage\",\"url\":\"https:\\\/\\\/www.krehky.cz\\\/wp-content\\\/uploads\\\/2019\\\/07\\\/KREHKYpro.158950-final.jpg\",\"contentUrl\":\"https:\\\/\\\/www.krehky.cz\\\/wp-content\\\/uploads\\\/2019\\\/07\\\/KREHKYpro.158950-final.jpg\",\"width\":1890,\"height\":2520},{\"@type\":\"BreadcrumbList\",\"@id\":\"https:\\\/\\\/www.krehky.cz\\\/en\\\/product\\\/rytir-bily\\\/#breadcrumb\",\"itemListElement\":[{\"@type\":\"ListItem\",\"position\":1,\"name\":\"Home\",\"item\":\"https:\\\/\\\/www.krehky.cz\\\/en\\\/\"},{\"@type\":\"ListItem\",\"position\":2,\"name\":\"Store\",\"item\":\"https:\\\/\\\/www.krehky.cz\\\/en\\\/store\\\/\"},{\"@type\":\"ListItem\",\"position\":3,\"name\":\"Knight \u2013 White\"}]},{\"@type\":\"WebSite\",\"@id\":\"https:\\\/\\\/www.krehky.cz\\\/#website\",\"url\":\"https:\\\/\\\/www.krehky.cz\\\/\",\"name\":\"K\u0159ehk\u00fd | K\u0159ehk\u00fd gallery\",\"description\":\"\u010cesk\u00e1 zna\u010dka a galerie K\u0159ehk\u00fd nab\u00edz\u00ed tvorbu p\u0159edn\u00edch \u010desk\u00fdch design\u00e9r\u016f. Navazuje na dlouhou tradici \u010desk\u00e9 um\u011bleckopr\u016fmyslov\u00e9 v\u00fdroby a p\u0159in\u00e1\u0161\u00ed do na\u0161ich domov\u016f p\u0159edm\u011bty, kter\u00e9 dok\u00e1\u017e\u00ed prom\u011bnit v\u0161edn\u00ed okam\u017eiky v mimo\u0159\u00e1dn\u00e9. V\u0161echny p\u0159edm\u011bty K\u0159ehk\u00fd jsou vyrobeny v tradi\u010dn\u00edch manufaktur\u00e1ch v \u010cesk\u00e9 republice. Porcel\u00e1n, sklo, d\u0159evo. Mistrovstv\u00ed \u017eiven\u00e9 dlouhou tradic\u00ed \u0159emesel.\",\"publisher\":{\"@id\":\"https:\\\/\\\/www.krehky.cz\\\/#organization\"},\"potentialAction\":[{\"@type\":\"SearchAction\",\"target\":{\"@type\":\"EntryPoint\",\"urlTemplate\":\"https:\\\/\\\/www.krehky.cz\\\/?s={search_term_string}\"},\"query-input\":{\"@type\":\"PropertyValueSpecification\",\"valueRequired\":true,\"valueName\":\"search_term_string\"}}],\"inLanguage\":\"en-US\"},{\"@type\":\"Organization\",\"@id\":\"https:\\\/\\\/www.krehky.cz\\\/#organization\",\"name\":\"K\u0159ehk\u00fd\",\"url\":\"https:\\\/\\\/www.krehky.cz\\\/\",\"logo\":{\"@type\":\"ImageObject\",\"inLanguage\":\"en-US\",\"@id\":\"https:\\\/\\\/www.krehky.cz\\\/#\\\/schema\\\/logo\\\/image\\\/\",\"url\":\"https:\\\/\\\/www.krehky.cz\\\/wp-content\\\/uploads\\\/2019\\\/09\\\/og-image.jpg\",\"contentUrl\":\"https:\\\/\\\/www.krehky.cz\\\/wp-content\\\/uploads\\\/2019\\\/09\\\/og-image.jpg\",\"width\":830,\"height\":435,\"caption\":\"K\u0159ehk\u00fd\"},\"image\":{\"@id\":\"https:\\\/\\\/www.krehky.cz\\\/#\\\/schema\\\/logo\\\/image\\\/\"}}]}<\/script>\n<!-- \/ Yoast SEO plugin. -->","yoast_head_json":{"title":"K\u0159ehk\u00fd | K\u0159ehk\u00fd gallery Knight \u2013 White","description":"\u010cesk\u00e1 zna\u010dka a galerie K\u0159ehk\u00fd nab\u00edz\u00ed tvorbu p\u0159edn\u00edch \u010desk\u00fdch design\u00e9r\u016f. Navazuje na dlouhou tradici \u010desk\u00e9 um\u011bleckopr\u016fmyslov\u00e9 v\u00fdroby a p\u0159in\u00e1\u0161\u00ed do na\u0161ich domov\u016f p\u0159edm\u011bty, kter\u00e9 dok\u00e1\u017e\u00ed prom\u011bnit v\u0161edn\u00ed okam\u017eiky v mimo\u0159\u00e1dn\u00e9. V\u0161echny p\u0159edm\u011bty K\u0159ehk\u00fd jsou vyrobeny v tradi\u010dn\u00edch manufaktur\u00e1ch v \u010cesk\u00e9 republice. Porcel\u00e1n, sklo, d\u0159evo. Mistrovstv\u00ed \u017eiven\u00e9 dlouhou tradic\u00ed \u0159emesel.","robots":{"index":"index","follow":"follow","max-snippet":"max-snippet:-1","max-image-preview":"max-image-preview:large","max-video-preview":"max-video-preview:-1"},"canonical":"https:\/\/www.krehky.cz\/en\/product\/rytir-bily\/","og_locale":"en_US","og_type":"article","og_title":"K\u0159ehk\u00fd | K\u0159ehk\u00fd gallery Knight \u2013 White","og_description":"\u010cesk\u00e1 zna\u010dka a galerie K\u0159ehk\u00fd nab\u00edz\u00ed tvorbu p\u0159edn\u00edch \u010desk\u00fdch design\u00e9r\u016f. Navazuje na dlouhou tradici \u010desk\u00e9 um\u011bleckopr\u016fmyslov\u00e9 v\u00fdroby a p\u0159in\u00e1\u0161\u00ed do na\u0161ich domov\u016f p\u0159edm\u011bty, kter\u00e9 dok\u00e1\u017e\u00ed prom\u011bnit v\u0161edn\u00ed okam\u017eiky v mimo\u0159\u00e1dn\u00e9. V\u0161echny p\u0159edm\u011bty K\u0159ehk\u00fd jsou vyrobeny v tradi\u010dn\u00edch manufaktur\u00e1ch v \u010cesk\u00e9 republice. Porcel\u00e1n, sklo, d\u0159evo. Mistrovstv\u00ed \u017eiven\u00e9 dlouhou tradic\u00ed \u0159emesel.","og_url":"https:\/\/www.krehky.cz\/en\/product\/rytir-bily\/","og_site_name":"K\u0159ehk\u00fd | K\u0159ehk\u00fd gallery","article_modified_time":"2024-03-04T13:59:17+00:00","og_image":[{"width":1890,"height":2520,"url":"https:\/\/www.krehky.cz\/wp-content\/uploads\/2019\/07\/KREHKYpro.158950-final.jpg","type":"image\/jpeg"}],"twitter_card":"summary_large_image","twitter_misc":{"Est. reading time":"1 minute"},"schema":{"@context":"https:\/\/schema.org","@graph":[{"@type":"WebPage","@id":"https:\/\/www.krehky.cz\/en\/product\/rytir-bily\/","url":"https:\/\/www.krehky.cz\/en\/product\/rytir-bily\/","name":"K\u0159ehk\u00fd | K\u0159ehk\u00fd gallery Knight \u2013 White","isPartOf":{"@id":"https:\/\/www.krehky.cz\/#website"},"primaryImageOfPage":{"@id":"https:\/\/www.krehky.cz\/en\/product\/rytir-bily\/#primaryimage"},"image":{"@id":"https:\/\/www.krehky.cz\/en\/product\/rytir-bily\/#primaryimage"},"thumbnailUrl":"https:\/\/www.krehky.cz\/wp-content\/uploads\/2019\/07\/KREHKYpro.158950-final.jpg","datePublished":"2019-07-20T18:07:27+00:00","dateModified":"2024-03-04T13:59:17+00:00","description":"\u010cesk\u00e1 zna\u010dka a galerie K\u0159ehk\u00fd nab\u00edz\u00ed tvorbu p\u0159edn\u00edch \u010desk\u00fdch design\u00e9r\u016f. Navazuje na dlouhou tradici \u010desk\u00e9 um\u011bleckopr\u016fmyslov\u00e9 v\u00fdroby a p\u0159in\u00e1\u0161\u00ed do na\u0161ich domov\u016f p\u0159edm\u011bty, kter\u00e9 dok\u00e1\u017e\u00ed prom\u011bnit v\u0161edn\u00ed okam\u017eiky v mimo\u0159\u00e1dn\u00e9. V\u0161echny p\u0159edm\u011bty K\u0159ehk\u00fd jsou vyrobeny v tradi\u010dn\u00edch manufaktur\u00e1ch v \u010cesk\u00e9 republice. Porcel\u00e1n, sklo, d\u0159evo. Mistrovstv\u00ed \u017eiven\u00e9 dlouhou tradic\u00ed \u0159emesel.","breadcrumb":{"@id":"https:\/\/www.krehky.cz\/en\/product\/rytir-bily\/#breadcrumb"},"inLanguage":"en-US","potentialAction":[{"@type":"ReadAction","target":["https:\/\/www.krehky.cz\/en\/product\/rytir-bily\/"]}]},{"@type":"ImageObject","inLanguage":"en-US","@id":"https:\/\/www.krehky.cz\/en\/product\/rytir-bily\/#primaryimage","url":"https:\/\/www.krehky.cz\/wp-content\/uploads\/2019\/07\/KREHKYpro.158950-final.jpg","contentUrl":"https:\/\/www.krehky.cz\/wp-content\/uploads\/2019\/07\/KREHKYpro.158950-final.jpg","width":1890,"height":2520},{"@type":"BreadcrumbList","@id":"https:\/\/www.krehky.cz\/en\/product\/rytir-bily\/#breadcrumb","itemListElement":[{"@type":"ListItem","position":1,"name":"Home","item":"https:\/\/www.krehky.cz\/en\/"},{"@type":"ListItem","position":2,"name":"Store","item":"https:\/\/www.krehky.cz\/en\/store\/"},{"@type":"ListItem","position":3,"name":"Knight \u2013 White"}]},{"@type":"WebSite","@id":"https:\/\/www.krehky.cz\/#website","url":"https:\/\/www.krehky.cz\/","name":"K\u0159ehk\u00fd | K\u0159ehk\u00fd gallery","description":"\u010cesk\u00e1 zna\u010dka a galerie K\u0159ehk\u00fd nab\u00edz\u00ed tvorbu p\u0159edn\u00edch \u010desk\u00fdch design\u00e9r\u016f. Navazuje na dlouhou tradici \u010desk\u00e9 um\u011bleckopr\u016fmyslov\u00e9 v\u00fdroby a p\u0159in\u00e1\u0161\u00ed do na\u0161ich domov\u016f p\u0159edm\u011bty, kter\u00e9 dok\u00e1\u017e\u00ed prom\u011bnit v\u0161edn\u00ed okam\u017eiky v mimo\u0159\u00e1dn\u00e9. V\u0161echny p\u0159edm\u011bty K\u0159ehk\u00fd jsou vyrobeny v tradi\u010dn\u00edch manufaktur\u00e1ch v \u010cesk\u00e9 republice. Porcel\u00e1n, sklo, d\u0159evo. Mistrovstv\u00ed \u017eiven\u00e9 dlouhou tradic\u00ed \u0159emesel.","publisher":{"@id":"https:\/\/www.krehky.cz\/#organization"},"potentialAction":[{"@type":"SearchAction","target":{"@type":"EntryPoint","urlTemplate":"https:\/\/www.krehky.cz\/?s={search_term_string}"},"query-input":{"@type":"PropertyValueSpecification","valueRequired":true,"valueName":"search_term_string"}}],"inLanguage":"en-US"},{"@type":"Organization","@id":"https:\/\/www.krehky.cz\/#organization","name":"K\u0159ehk\u00fd","url":"https:\/\/www.krehky.cz\/","logo":{"@type":"ImageObject","inLanguage":"en-US","@id":"https:\/\/www.krehky.cz\/#\/schema\/logo\/image\/","url":"https:\/\/www.krehky.cz\/wp-content\/uploads\/2019\/09\/og-image.jpg","contentUrl":"https:\/\/www.krehky.cz\/wp-content\/uploads\/2019\/09\/og-image.jpg","width":830,"height":435,"caption":"K\u0159ehk\u00fd"},"image":{"@id":"https:\/\/www.krehky.cz\/#\/schema\/logo\/image\/"}}]}},"jetpack_publicize_connections":[],"jetpack_sharing_enabled":true,"_links":{"self":[{"href":"https:\/\/www.krehky.cz\/en\/wp-json\/wp\/v2\/product\/3061","targetHints":{"allow":["GET"]}}],"collection":[{"href":"https:\/\/www.krehky.cz\/en\/wp-json\/wp\/v2\/product"}],"about":[{"href":"https:\/\/www.krehky.cz\/en\/wp-json\/wp\/v2\/types\/product"}],"wp:featuredmedia":[{"embeddable":true,"href":"https:\/\/www.krehky.cz\/en\/wp-json\/wp\/v2\/media\/3923"}],"wp:attachment":[{"href":"https:\/\/www.krehky.cz\/en\/wp-json\/wp\/v2\/media?parent=3061"}],"wp:term":[{"taxonomy":"product_brand","embeddable":true,"href":"https:\/\/www.krehky.cz\/en\/wp-json\/wp\/v2\/product_brand?post=3061"},{"taxonomy":"product_cat","embeddable":true,"href":"https:\/\/www.krehky.cz\/en\/wp-json\/wp\/v2\/product_cat?post=3061"},{"taxonomy":"product_tag","embeddable":true,"href":"https:\/\/www.krehky.cz\/en\/wp-json\/wp\/v2\/product_tag?post=3061"}],"curies":[{"name":"wp","href":"https:\/\/api.w.org\/{rel}","templated":true}]}}