{"id":3199,"date":"2019-02-28T15:47:04","date_gmt":"2019-02-28T15:47:04","guid":{"rendered":"http:\/\/krehky.cz\/produkt\/ziva-byzantska-edice\/"},"modified":"2021-04-23T20:00:48","modified_gmt":"2021-04-23T18:00:48","slug":"ziva-byzantska-edice","status":"publish","type":"product","link":"https:\/\/www.krehky.cz\/en\/product\/ziva-byzantska-edice\/","title":{"rendered":"\u017dIVA: Byzantine Edition"},"content":{"rendered":"<p>Following up with the limited edition of his hand-colored bowls from the Folk series, Michal Ba\u010d\u00e1k went on exploring South-Moravian folklore and devoted his decoration of the large interior bowl to the Earth. His Slavic goddess of fertility, \u017diva, albeit historically viewed as the goddess of the Slavs from the Elbe basin, as if burst into her full beauty as late as in Moravia, and began rewarding both the Earth and the bowl with an unexpected power. Fill the bowl with either fruit or Pho soup, and see for yourself. Fruit fast ripes into full flavor in it, while the soup suddenly does not need any seasoning. The bowl comes in three variants of color decoration \u2013 cobalt blue onion and with a golden cap, and in a Byzantian version with a dominant golden drawing line. By clicking on the shopping basket, you order the Byzantine variant.<\/p>\n","protected":false},"excerpt":{"rendered":"<p>Following up with the limited edition of his hand-colored bowls from the Folk series, Michal Ba\u010d\u00e1k went on exploring South-Moravian folklore and devoted his decoration of the large interior bowl to the Earth. His Slavic goddess of fertility, \u017diva, albeit historically viewed as the goddess of the Slavs from the Elbe basin, as if burst [&hellip;]<\/p>\n","protected":false},"featured_media":2449,"template":"","meta":{"_acf_changed":false,"_monsterinsights_skip_tracking":false,"_monsterinsights_sitenote_active":false,"_monsterinsights_sitenote_note":"","_monsterinsights_sitenote_category":0,"jetpack_post_was_ever_published":false,"jetpack_publicize_message":"","jetpack_publicize_feature_enabled":true,"jetpack_social_post_already_shared":true,"jetpack_social_options":{"image_generator_settings":{"template":"highway","default_image_id":0,"font":"","enabled":false},"version":2}},"product_brand":[],"product_cat":[117,139],"product_tag":[],"class_list":{"0":"post-3199","1":"product","2":"type-product","3":"status-publish","4":"has-post-thumbnail","6":"product_cat-dining","7":"product_cat-michal_bacak","9":"first","10":"onbackorder","11":"featured","12":"taxable","13":"shipping-taxable","14":"purchasable","15":"product-type-simple"},"acf":[],"yoast_head":"<!-- This site is optimized with the Yoast SEO plugin v27.2 - https:\/\/yoast.com\/product\/yoast-seo-wordpress\/ -->\n<title>K\u0159ehk\u00fd | K\u0159ehk\u00fd gallery \u017dIVA: Byzantine Edition<\/title>\n<meta name=\"description\" content=\"\u010cesk\u00e1 zna\u010dka a galerie K\u0159ehk\u00fd nab\u00edz\u00ed tvorbu p\u0159edn\u00edch \u010desk\u00fdch design\u00e9r\u016f. Navazuje na dlouhou tradici \u010desk\u00e9 um\u011bleckopr\u016fmyslov\u00e9 v\u00fdroby a p\u0159in\u00e1\u0161\u00ed do na\u0161ich domov\u016f p\u0159edm\u011bty, kter\u00e9 dok\u00e1\u017e\u00ed prom\u011bnit v\u0161edn\u00ed okam\u017eiky v mimo\u0159\u00e1dn\u00e9. V\u0161echny p\u0159edm\u011bty K\u0159ehk\u00fd jsou vyrobeny v tradi\u010dn\u00edch manufaktur\u00e1ch v \u010cesk\u00e9 republice. Porcel\u00e1n, sklo, d\u0159evo. Mistrovstv\u00ed \u017eiven\u00e9 dlouhou tradic\u00ed \u0159emesel.\" \/>\n<meta name=\"robots\" content=\"index, follow, max-snippet:-1, max-image-preview:large, max-video-preview:-1\" \/>\n<link rel=\"canonical\" href=\"https:\/\/www.krehky.cz\/en\/product\/ziva-byzantska-edice\/\" \/>\n<meta property=\"og:locale\" content=\"en_US\" \/>\n<meta property=\"og:type\" content=\"article\" \/>\n<meta property=\"og:title\" content=\"K\u0159ehk\u00fd | K\u0159ehk\u00fd gallery \u017dIVA: Byzantine Edition\" \/>\n<meta property=\"og:description\" content=\"\u010cesk\u00e1 zna\u010dka a galerie K\u0159ehk\u00fd nab\u00edz\u00ed tvorbu p\u0159edn\u00edch \u010desk\u00fdch design\u00e9r\u016f. Navazuje na dlouhou tradici \u010desk\u00e9 um\u011bleckopr\u016fmyslov\u00e9 v\u00fdroby a p\u0159in\u00e1\u0161\u00ed do na\u0161ich domov\u016f p\u0159edm\u011bty, kter\u00e9 dok\u00e1\u017e\u00ed prom\u011bnit v\u0161edn\u00ed okam\u017eiky v mimo\u0159\u00e1dn\u00e9. V\u0161echny p\u0159edm\u011bty K\u0159ehk\u00fd jsou vyrobeny v tradi\u010dn\u00edch manufaktur\u00e1ch v \u010cesk\u00e9 republice. Porcel\u00e1n, sklo, d\u0159evo. Mistrovstv\u00ed \u017eiven\u00e9 dlouhou tradic\u00ed \u0159emesel.\" \/>\n<meta property=\"og:url\" content=\"https:\/\/www.krehky.cz\/en\/product\/ziva-byzantska-edice\/\" \/>\n<meta property=\"og:site_name\" content=\"K\u0159ehk\u00fd | K\u0159ehk\u00fd gallery\" \/>\n<meta property=\"article:modified_time\" content=\"2021-04-23T18:00:48+00:00\" \/>\n<meta property=\"og:image\" content=\"https:\/\/www.krehky.cz\/wp-content\/uploads\/2019\/02\/ZIVA-Byzantska.jpg\" \/>\n\t<meta property=\"og:image:width\" content=\"379\" \/>\n\t<meta property=\"og:image:height\" content=\"568\" \/>\n\t<meta property=\"og:image:type\" content=\"image\/jpeg\" \/>\n<meta name=\"twitter:card\" content=\"summary_large_image\" \/>\n<meta name=\"twitter:label1\" content=\"Est. reading time\" \/>\n\t<meta name=\"twitter:data1\" content=\"1 minute\" \/>\n<script type=\"application\/ld+json\" class=\"yoast-schema-graph\">{\"@context\":\"https:\/\/schema.org\",\"@graph\":[{\"@type\":\"WebPage\",\"@id\":\"https:\/\/www.krehky.cz\/en\/product\/ziva-byzantska-edice\/\",\"url\":\"https:\/\/www.krehky.cz\/en\/product\/ziva-byzantska-edice\/\",\"name\":\"K\u0159ehk\u00fd | K\u0159ehk\u00fd gallery \u017dIVA: Byzantine Edition\",\"isPartOf\":{\"@id\":\"https:\/\/www.krehky.cz\/#website\"},\"primaryImageOfPage\":{\"@id\":\"https:\/\/www.krehky.cz\/en\/product\/ziva-byzantska-edice\/#primaryimage\"},\"image\":{\"@id\":\"https:\/\/www.krehky.cz\/en\/product\/ziva-byzantska-edice\/#primaryimage\"},\"thumbnailUrl\":\"https:\/\/www.krehky.cz\/wp-content\/uploads\/2019\/02\/ZIVA-Byzantska.jpg\",\"datePublished\":\"2019-02-28T15:47:04+00:00\",\"dateModified\":\"2021-04-23T18:00:48+00:00\",\"description\":\"\u010cesk\u00e1 zna\u010dka a galerie K\u0159ehk\u00fd nab\u00edz\u00ed tvorbu p\u0159edn\u00edch \u010desk\u00fdch design\u00e9r\u016f. Navazuje na dlouhou tradici \u010desk\u00e9 um\u011bleckopr\u016fmyslov\u00e9 v\u00fdroby a p\u0159in\u00e1\u0161\u00ed do na\u0161ich domov\u016f p\u0159edm\u011bty, kter\u00e9 dok\u00e1\u017e\u00ed prom\u011bnit v\u0161edn\u00ed okam\u017eiky v mimo\u0159\u00e1dn\u00e9. V\u0161echny p\u0159edm\u011bty K\u0159ehk\u00fd jsou vyrobeny v tradi\u010dn\u00edch manufaktur\u00e1ch v \u010cesk\u00e9 republice. Porcel\u00e1n, sklo, d\u0159evo. Mistrovstv\u00ed \u017eiven\u00e9 dlouhou tradic\u00ed \u0159emesel.\",\"breadcrumb\":{\"@id\":\"https:\/\/www.krehky.cz\/en\/product\/ziva-byzantska-edice\/#breadcrumb\"},\"inLanguage\":\"en-US\",\"potentialAction\":[{\"@type\":\"ReadAction\",\"target\":[\"https:\/\/www.krehky.cz\/en\/product\/ziva-byzantska-edice\/\"]}]},{\"@type\":\"ImageObject\",\"inLanguage\":\"en-US\",\"@id\":\"https:\/\/www.krehky.cz\/en\/product\/ziva-byzantska-edice\/#primaryimage\",\"url\":\"https:\/\/www.krehky.cz\/wp-content\/uploads\/2019\/02\/ZIVA-Byzantska.jpg\",\"contentUrl\":\"https:\/\/www.krehky.cz\/wp-content\/uploads\/2019\/02\/ZIVA-Byzantska.jpg\",\"width\":379,\"height\":568},{\"@type\":\"BreadcrumbList\",\"@id\":\"https:\/\/www.krehky.cz\/en\/product\/ziva-byzantska-edice\/#breadcrumb\",\"itemListElement\":[{\"@type\":\"ListItem\",\"position\":1,\"name\":\"Home\",\"item\":\"https:\/\/www.krehky.cz\/en\/\"},{\"@type\":\"ListItem\",\"position\":2,\"name\":\"Store\",\"item\":\"https:\/\/www.krehky.cz\/en\/store\/\"},{\"@type\":\"ListItem\",\"position\":3,\"name\":\"\u017dIVA: Byzantine Edition\"}]},{\"@type\":\"WebSite\",\"@id\":\"https:\/\/www.krehky.cz\/#website\",\"url\":\"https:\/\/www.krehky.cz\/\",\"name\":\"K\u0159ehk\u00fd | K\u0159ehk\u00fd gallery\",\"description\":\"\u010cesk\u00e1 zna\u010dka a galerie K\u0159ehk\u00fd nab\u00edz\u00ed tvorbu p\u0159edn\u00edch \u010desk\u00fdch design\u00e9r\u016f. Navazuje na dlouhou tradici \u010desk\u00e9 um\u011bleckopr\u016fmyslov\u00e9 v\u00fdroby a p\u0159in\u00e1\u0161\u00ed do na\u0161ich domov\u016f p\u0159edm\u011bty, kter\u00e9 dok\u00e1\u017e\u00ed prom\u011bnit v\u0161edn\u00ed okam\u017eiky v mimo\u0159\u00e1dn\u00e9. V\u0161echny p\u0159edm\u011bty K\u0159ehk\u00fd jsou vyrobeny v tradi\u010dn\u00edch manufaktur\u00e1ch v \u010cesk\u00e9 republice. Porcel\u00e1n, sklo, d\u0159evo. Mistrovstv\u00ed \u017eiven\u00e9 dlouhou tradic\u00ed \u0159emesel.\",\"publisher\":{\"@id\":\"https:\/\/www.krehky.cz\/#organization\"},\"potentialAction\":[{\"@type\":\"SearchAction\",\"target\":{\"@type\":\"EntryPoint\",\"urlTemplate\":\"https:\/\/www.krehky.cz\/?s={search_term_string}\"},\"query-input\":{\"@type\":\"PropertyValueSpecification\",\"valueRequired\":true,\"valueName\":\"search_term_string\"}}],\"inLanguage\":\"en-US\"},{\"@type\":\"Organization\",\"@id\":\"https:\/\/www.krehky.cz\/#organization\",\"name\":\"K\u0159ehk\u00fd\",\"url\":\"https:\/\/www.krehky.cz\/\",\"logo\":{\"@type\":\"ImageObject\",\"inLanguage\":\"en-US\",\"@id\":\"https:\/\/www.krehky.cz\/#\/schema\/logo\/image\/\",\"url\":\"https:\/\/www.krehky.cz\/wp-content\/uploads\/2019\/09\/og-image.jpg\",\"contentUrl\":\"https:\/\/www.krehky.cz\/wp-content\/uploads\/2019\/09\/og-image.jpg\",\"width\":830,\"height\":435,\"caption\":\"K\u0159ehk\u00fd\"},\"image\":{\"@id\":\"https:\/\/www.krehky.cz\/#\/schema\/logo\/image\/\"}}]}<\/script>\n<!-- \/ Yoast SEO plugin. -->","yoast_head_json":{"title":"K\u0159ehk\u00fd | K\u0159ehk\u00fd gallery \u017dIVA: Byzantine Edition","description":"\u010cesk\u00e1 zna\u010dka a galerie K\u0159ehk\u00fd nab\u00edz\u00ed tvorbu p\u0159edn\u00edch \u010desk\u00fdch design\u00e9r\u016f. Navazuje na dlouhou tradici \u010desk\u00e9 um\u011bleckopr\u016fmyslov\u00e9 v\u00fdroby a p\u0159in\u00e1\u0161\u00ed do na\u0161ich domov\u016f p\u0159edm\u011bty, kter\u00e9 dok\u00e1\u017e\u00ed prom\u011bnit v\u0161edn\u00ed okam\u017eiky v mimo\u0159\u00e1dn\u00e9. V\u0161echny p\u0159edm\u011bty K\u0159ehk\u00fd jsou vyrobeny v tradi\u010dn\u00edch manufaktur\u00e1ch v \u010cesk\u00e9 republice. Porcel\u00e1n, sklo, d\u0159evo. Mistrovstv\u00ed \u017eiven\u00e9 dlouhou tradic\u00ed \u0159emesel.","robots":{"index":"index","follow":"follow","max-snippet":"max-snippet:-1","max-image-preview":"max-image-preview:large","max-video-preview":"max-video-preview:-1"},"canonical":"https:\/\/www.krehky.cz\/en\/product\/ziva-byzantska-edice\/","og_locale":"en_US","og_type":"article","og_title":"K\u0159ehk\u00fd | K\u0159ehk\u00fd gallery \u017dIVA: Byzantine Edition","og_description":"\u010cesk\u00e1 zna\u010dka a galerie K\u0159ehk\u00fd nab\u00edz\u00ed tvorbu p\u0159edn\u00edch \u010desk\u00fdch design\u00e9r\u016f. Navazuje na dlouhou tradici \u010desk\u00e9 um\u011bleckopr\u016fmyslov\u00e9 v\u00fdroby a p\u0159in\u00e1\u0161\u00ed do na\u0161ich domov\u016f p\u0159edm\u011bty, kter\u00e9 dok\u00e1\u017e\u00ed prom\u011bnit v\u0161edn\u00ed okam\u017eiky v mimo\u0159\u00e1dn\u00e9. V\u0161echny p\u0159edm\u011bty K\u0159ehk\u00fd jsou vyrobeny v tradi\u010dn\u00edch manufaktur\u00e1ch v \u010cesk\u00e9 republice. Porcel\u00e1n, sklo, d\u0159evo. Mistrovstv\u00ed \u017eiven\u00e9 dlouhou tradic\u00ed \u0159emesel.","og_url":"https:\/\/www.krehky.cz\/en\/product\/ziva-byzantska-edice\/","og_site_name":"K\u0159ehk\u00fd | K\u0159ehk\u00fd gallery","article_modified_time":"2021-04-23T18:00:48+00:00","og_image":[{"width":379,"height":568,"url":"https:\/\/www.krehky.cz\/wp-content\/uploads\/2019\/02\/ZIVA-Byzantska.jpg","type":"image\/jpeg"}],"twitter_card":"summary_large_image","twitter_misc":{"Est. reading time":"1 minute"},"schema":{"@context":"https:\/\/schema.org","@graph":[{"@type":"WebPage","@id":"https:\/\/www.krehky.cz\/en\/product\/ziva-byzantska-edice\/","url":"https:\/\/www.krehky.cz\/en\/product\/ziva-byzantska-edice\/","name":"K\u0159ehk\u00fd | K\u0159ehk\u00fd gallery \u017dIVA: Byzantine Edition","isPartOf":{"@id":"https:\/\/www.krehky.cz\/#website"},"primaryImageOfPage":{"@id":"https:\/\/www.krehky.cz\/en\/product\/ziva-byzantska-edice\/#primaryimage"},"image":{"@id":"https:\/\/www.krehky.cz\/en\/product\/ziva-byzantska-edice\/#primaryimage"},"thumbnailUrl":"https:\/\/www.krehky.cz\/wp-content\/uploads\/2019\/02\/ZIVA-Byzantska.jpg","datePublished":"2019-02-28T15:47:04+00:00","dateModified":"2021-04-23T18:00:48+00:00","description":"\u010cesk\u00e1 zna\u010dka a galerie K\u0159ehk\u00fd nab\u00edz\u00ed tvorbu p\u0159edn\u00edch \u010desk\u00fdch design\u00e9r\u016f. Navazuje na dlouhou tradici \u010desk\u00e9 um\u011bleckopr\u016fmyslov\u00e9 v\u00fdroby a p\u0159in\u00e1\u0161\u00ed do na\u0161ich domov\u016f p\u0159edm\u011bty, kter\u00e9 dok\u00e1\u017e\u00ed prom\u011bnit v\u0161edn\u00ed okam\u017eiky v mimo\u0159\u00e1dn\u00e9. V\u0161echny p\u0159edm\u011bty K\u0159ehk\u00fd jsou vyrobeny v tradi\u010dn\u00edch manufaktur\u00e1ch v \u010cesk\u00e9 republice. Porcel\u00e1n, sklo, d\u0159evo. Mistrovstv\u00ed \u017eiven\u00e9 dlouhou tradic\u00ed \u0159emesel.","breadcrumb":{"@id":"https:\/\/www.krehky.cz\/en\/product\/ziva-byzantska-edice\/#breadcrumb"},"inLanguage":"en-US","potentialAction":[{"@type":"ReadAction","target":["https:\/\/www.krehky.cz\/en\/product\/ziva-byzantska-edice\/"]}]},{"@type":"ImageObject","inLanguage":"en-US","@id":"https:\/\/www.krehky.cz\/en\/product\/ziva-byzantska-edice\/#primaryimage","url":"https:\/\/www.krehky.cz\/wp-content\/uploads\/2019\/02\/ZIVA-Byzantska.jpg","contentUrl":"https:\/\/www.krehky.cz\/wp-content\/uploads\/2019\/02\/ZIVA-Byzantska.jpg","width":379,"height":568},{"@type":"BreadcrumbList","@id":"https:\/\/www.krehky.cz\/en\/product\/ziva-byzantska-edice\/#breadcrumb","itemListElement":[{"@type":"ListItem","position":1,"name":"Home","item":"https:\/\/www.krehky.cz\/en\/"},{"@type":"ListItem","position":2,"name":"Store","item":"https:\/\/www.krehky.cz\/en\/store\/"},{"@type":"ListItem","position":3,"name":"\u017dIVA: Byzantine Edition"}]},{"@type":"WebSite","@id":"https:\/\/www.krehky.cz\/#website","url":"https:\/\/www.krehky.cz\/","name":"K\u0159ehk\u00fd | K\u0159ehk\u00fd gallery","description":"\u010cesk\u00e1 zna\u010dka a galerie K\u0159ehk\u00fd nab\u00edz\u00ed tvorbu p\u0159edn\u00edch \u010desk\u00fdch design\u00e9r\u016f. Navazuje na dlouhou tradici \u010desk\u00e9 um\u011bleckopr\u016fmyslov\u00e9 v\u00fdroby a p\u0159in\u00e1\u0161\u00ed do na\u0161ich domov\u016f p\u0159edm\u011bty, kter\u00e9 dok\u00e1\u017e\u00ed prom\u011bnit v\u0161edn\u00ed okam\u017eiky v mimo\u0159\u00e1dn\u00e9. V\u0161echny p\u0159edm\u011bty K\u0159ehk\u00fd jsou vyrobeny v tradi\u010dn\u00edch manufaktur\u00e1ch v \u010cesk\u00e9 republice. Porcel\u00e1n, sklo, d\u0159evo. Mistrovstv\u00ed \u017eiven\u00e9 dlouhou tradic\u00ed \u0159emesel.","publisher":{"@id":"https:\/\/www.krehky.cz\/#organization"},"potentialAction":[{"@type":"SearchAction","target":{"@type":"EntryPoint","urlTemplate":"https:\/\/www.krehky.cz\/?s={search_term_string}"},"query-input":{"@type":"PropertyValueSpecification","valueRequired":true,"valueName":"search_term_string"}}],"inLanguage":"en-US"},{"@type":"Organization","@id":"https:\/\/www.krehky.cz\/#organization","name":"K\u0159ehk\u00fd","url":"https:\/\/www.krehky.cz\/","logo":{"@type":"ImageObject","inLanguage":"en-US","@id":"https:\/\/www.krehky.cz\/#\/schema\/logo\/image\/","url":"https:\/\/www.krehky.cz\/wp-content\/uploads\/2019\/09\/og-image.jpg","contentUrl":"https:\/\/www.krehky.cz\/wp-content\/uploads\/2019\/09\/og-image.jpg","width":830,"height":435,"caption":"K\u0159ehk\u00fd"},"image":{"@id":"https:\/\/www.krehky.cz\/#\/schema\/logo\/image\/"}}]}},"jetpack_publicize_connections":[],"jetpack_sharing_enabled":true,"_links":{"self":[{"href":"https:\/\/www.krehky.cz\/en\/wp-json\/wp\/v2\/product\/3199","targetHints":{"allow":["GET"]}}],"collection":[{"href":"https:\/\/www.krehky.cz\/en\/wp-json\/wp\/v2\/product"}],"about":[{"href":"https:\/\/www.krehky.cz\/en\/wp-json\/wp\/v2\/types\/product"}],"wp:featuredmedia":[{"embeddable":true,"href":"https:\/\/www.krehky.cz\/en\/wp-json\/wp\/v2\/media\/2449"}],"wp:attachment":[{"href":"https:\/\/www.krehky.cz\/en\/wp-json\/wp\/v2\/media?parent=3199"}],"wp:term":[{"taxonomy":"product_brand","embeddable":true,"href":"https:\/\/www.krehky.cz\/en\/wp-json\/wp\/v2\/product_brand?post=3199"},{"taxonomy":"product_cat","embeddable":true,"href":"https:\/\/www.krehky.cz\/en\/wp-json\/wp\/v2\/product_cat?post=3199"},{"taxonomy":"product_tag","embeddable":true,"href":"https:\/\/www.krehky.cz\/en\/wp-json\/wp\/v2\/product_tag?post=3199"}],"curies":[{"name":"wp","href":"https:\/\/api.w.org\/{rel}","templated":true}]}}